{"id":31341,"date":"2025-11-04T14:53:57","date_gmt":"2025-11-04T13:53:57","guid":{"rendered":"https:\/\/www.mugaritz.com\/producto\/mugaritz-puntos-de-fuga\/"},"modified":"2026-02-16T08:24:48","modified_gmt":"2026-02-16T07:24:48","slug":"mugaritz-puntos-de-fuga","status":"publish","type":"product","link":"https:\/\/www.mugaritz.com\/fr\/producto\/mugaritz-puntos-de-fuga\/","title":{"rendered":"Mugaritz Puntos de Fuga"},"content":{"rendered":"<div class=\"entradilla\">\n<h3 data-start=\"118\" data-end=\"168\"><strong data-start=\"122\" data-end=\"166\">Ouvrir l\u2019esprit, pas seulement la bouche<\/strong><\/h3>\n<p data-start=\"170\" data-end=\"980\">Plus qu\u2019un livre de cuisine, <em data-start=\"199\" data-end=\"216\">Points de Fuite<\/em> est un r\u00e9cit intime et audacieux sur la mani\u00e8re dont Mugaritz vit la cuisine, faisant de la cr\u00e9ativit\u00e9 le meilleur ingr\u00e9dient pour inspirer, surprendre et provoquer les convives du monde entier.<br data-start=\"411\" data-end=\"414\" \/>Pour Andoni Luis Aduriz, la nourriture est le meilleur pr\u00e9texte pour franchir les fronti\u00e8res et explorer de nouveaux territoires, en transformant les id\u00e9es en expressions comestibles.<br data-start=\"597\" data-end=\"600\" \/>Avec cette publication \u2013 le deuxi\u00e8me livre de Mugaritz en vingt ans d\u2019existence \u2013 il persiste \u00e0 d\u00e9visser les paradigmes, \u00e0 acc\u00e9l\u00e9rer le pr\u00e9sent de la gastronomie et, surtout, \u00e0 projeter des rampes vers l\u2019avenir, tout en gardant intacte la m\u00eame illusion : celle de voir son public marcher sur un fil sans peur de tomber, en savourant des d\u00e9nouements aussi in\u00e9dits qu\u2019improbables.<\/p>\n<h3 data-start=\"987\" data-end=\"1025\"><strong data-start=\"991\" data-end=\"1023\">POUR TE FAIRE MANGER LA T\u00caTE<\/strong><\/h3>\n<p data-start=\"1027\" data-end=\"1696\">\u2022 Confessions d\u2019Andoni Luis Aduriz et de l\u2019\u00e9quipe de Mugaritz pour ouvrir l\u2019esprit, pas seulement la bouche.<br data-start=\"1135\" data-end=\"1138\" \/>\u2022 R\u00e9flexions inspirantes sur le pr\u00e9sent et l\u2019avenir de l\u2019un des restaurants les plus influents de notre \u00e9poque.<br data-start=\"1249\" data-end=\"1252\" \/>\u2022 30 concepts pour d\u00e9coudre la cr\u00e9ativit\u00e9 de Mugaritz.<br data-start=\"1306\" data-end=\"1309\" \/>\u2022 50 recettes pour penser hors des cadres conventionnels.<br data-start=\"1366\" data-end=\"1369\" \/>\u2022 Glossaire non culinaire pour affronter des d\u00e9fis culinaires.<br data-start=\"1431\" data-end=\"1434\" \/>\u2022 Photographies, illustrations et r\u00e9cits originaux pour plonger dans l\u2019imaginaire Mugaritz.<br data-start=\"1525\" data-end=\"1528\" \/>\u2022 Notes pour \u00e9veiller l\u2019app\u00e9tit autour de notions telles que le temps, le luxe, le plaisir, le vice, le hasard, la transformation, la vie ou m\u00eame la mort\u2026 en cuisine.<\/p>\n<p data-start=\"1027\" data-end=\"1696\">\n<h3 data-start=\"1703\" data-end=\"1729\"><strong data-start=\"1707\" data-end=\"1727\">CARACT\u00c9RISTIQUES<\/strong><\/h3>\n<p data-start=\"1731\" data-end=\"2185\">\u2022 Photographie documentaire : Per-Anders J\u00f6rgensen<br data-start=\"1781\" data-end=\"1784\" \/>\u2022 Photographie gastronomique : Jos\u00e9 Luis L\u00f3pez de Zubiria<br data-start=\"1841\" data-end=\"1844\" \/>\u2022 Direction artistique et design : Lotta J\u00f6rgensen \u2013 Fool Agency<br data-start=\"1908\" data-end=\"1911\" \/>\u2022 Illustrations : Javier Vergara<br data-start=\"1943\" data-end=\"1946\" \/>\u2022 Textes : Sasha Correa et Ra\u00fal Nagore<br data-start=\"1984\" data-end=\"1987\" \/>\u2022 Pr\u00e9face : Alex Atala<br data-start=\"2009\" data-end=\"2012\" \/>\u2022 Collaboration sp\u00e9ciale : Harkaitz Cano<br data-start=\"2052\" data-end=\"2055\" \/>\u2022 Reliure rigide ; 21,6 x 27,5 cm<br data-start=\"2088\" data-end=\"2091\" data-is-only-node=\"\" \/>\u2022 294 pages<br data-start=\"2102\" data-end=\"2105\" \/>\u2022 \u00c9diteur : Planeta Gastro<br data-start=\"2131\" data-end=\"2134\" \/>\u2022 Langue : espagnol et \u00e9dition limit\u00e9e en anglais<\/p>\n<\/div>\n","protected":false},"excerpt":{"rendered":"<p>Ouvrir l\u2019esprit, pas seulement la bouche Plus qu\u2019un livre de cuisine, Points de Fuite est un r\u00e9cit intime et audacieux sur la mani\u00e8re dont Mugaritz vit la cuisine, faisant de la cr\u00e9ativit\u00e9 le meilleur ingr\u00e9dient pour inspirer, surprendre et provoquer les convives du monde entier.Pour Andoni Luis Aduriz, la nourriture est le meilleur pr\u00e9texte pour franchir les fronti\u00e8res et explorer de nouveaux territoires, en transformant les id\u00e9es en expressions comestibles.Avec cette publication \u2013 le deuxi\u00e8me livre de Mugaritz en vingt ans d\u2019existence \u2013 il persiste \u00e0 d\u00e9visser les paradigmes, \u00e0 acc\u00e9l\u00e9rer le pr\u00e9sent de la gastronomie et, surtout, \u00e0 projeter &hellip;<\/p>\n","protected":false},"featured_media":31130,"template":"","meta":{"_acf_changed":false},"product_brand":[],"product_cat":[59],"product_tag":[],"class_list":{"0":"post-31341","1":"product","2":"type-product","3":"status-publish","4":"has-post-thumbnail","6":"product_cat-livres","8":"first","9":"instock","10":"shipping-taxable","11":"purchasable","12":"product-type-variable"},"acf":[],"yoast_head":"<!-- This site is optimized with the Yoast SEO plugin v27.4 - https:\/\/yoast.com\/product\/yoast-seo-wordpress\/ -->\n<title>Mugaritz Puntos de Fuga - Mugaritz<\/title>\n<meta name=\"robots\" content=\"index, follow, max-snippet:-1, max-image-preview:large, max-video-preview:-1\" \/>\n<link rel=\"canonical\" href=\"https:\/\/www.mugaritz.com\/fr\/producto\/mugaritz-puntos-de-fuga\/\" \/>\n<meta property=\"og:locale\" content=\"fr_FR\" \/>\n<meta property=\"og:type\" content=\"article\" \/>\n<meta property=\"og:title\" content=\"Mugaritz Puntos de Fuga - Mugaritz\" \/>\n<meta property=\"og:description\" content=\"Ouvrir l\u2019esprit, pas seulement la bouche Plus qu\u2019un livre de cuisine, Points de Fuite est un r\u00e9cit intime et audacieux sur la mani\u00e8re dont Mugaritz vit la cuisine, faisant de la cr\u00e9ativit\u00e9 le meilleur ingr\u00e9dient pour inspirer, surprendre et provoquer les convives du monde entier.Pour Andoni Luis Aduriz, la nourriture est le meilleur pr\u00e9texte pour franchir les fronti\u00e8res et explorer de nouveaux territoires, en transformant les id\u00e9es en expressions comestibles.Avec cette publication \u2013 le deuxi\u00e8me livre de Mugaritz en vingt ans d\u2019existence \u2013 il persiste \u00e0 d\u00e9visser les paradigmes, \u00e0 acc\u00e9l\u00e9rer le pr\u00e9sent de la gastronomie et, surtout, \u00e0 projeter &hellip;\" \/>\n<meta property=\"og:url\" content=\"https:\/\/www.mugaritz.com\/fr\/producto\/mugaritz-puntos-de-fuga\/\" \/>\n<meta property=\"og:site_name\" content=\"Mugaritz\" \/>\n<meta property=\"article:modified_time\" content=\"2026-02-16T07:24:48+00:00\" \/>\n<meta property=\"og:image\" content=\"https:\/\/www.mugaritz.com\/wp-content\/uploads\/2025\/11\/IMG_5106-2-scaled.jpg\" \/>\n\t<meta property=\"og:image:width\" content=\"2560\" \/>\n\t<meta property=\"og:image:height\" content=\"1707\" \/>\n\t<meta property=\"og:image:type\" content=\"image\/jpeg\" \/>\n<meta name=\"twitter:card\" content=\"summary_large_image\" \/>\n<meta name=\"twitter:label1\" content=\"Dur\u00e9e de lecture estim\u00e9e\" \/>\n\t<meta name=\"twitter:data1\" content=\"2 minutes\" \/>\n<script type=\"application\/ld+json\" class=\"yoast-schema-graph\">{\"@context\":\"https:\\\/\\\/schema.org\",\"@graph\":[{\"@type\":\"WebPage\",\"@id\":\"https:\\\/\\\/www.mugaritz.com\\\/fr\\\/producto\\\/mugaritz-puntos-de-fuga\\\/\",\"url\":\"https:\\\/\\\/www.mugaritz.com\\\/fr\\\/producto\\\/mugaritz-puntos-de-fuga\\\/\",\"name\":\"Mugaritz Puntos de Fuga - Mugaritz\",\"isPartOf\":{\"@id\":\"https:\\\/\\\/www.mugaritz.com\\\/fr\\\/#website\"},\"primaryImageOfPage\":{\"@id\":\"https:\\\/\\\/www.mugaritz.com\\\/fr\\\/producto\\\/mugaritz-puntos-de-fuga\\\/#primaryimage\"},\"image\":{\"@id\":\"https:\\\/\\\/www.mugaritz.com\\\/fr\\\/producto\\\/mugaritz-puntos-de-fuga\\\/#primaryimage\"},\"thumbnailUrl\":\"https:\\\/\\\/www.mugaritz.com\\\/wp-content\\\/uploads\\\/2025\\\/11\\\/IMG_5106-2-scaled.jpg\",\"datePublished\":\"2025-11-04T13:53:57+00:00\",\"dateModified\":\"2026-02-16T07:24:48+00:00\",\"breadcrumb\":{\"@id\":\"https:\\\/\\\/www.mugaritz.com\\\/fr\\\/producto\\\/mugaritz-puntos-de-fuga\\\/#breadcrumb\"},\"inLanguage\":\"fr-FR\",\"potentialAction\":[{\"@type\":\"ReadAction\",\"target\":[\"https:\\\/\\\/www.mugaritz.com\\\/fr\\\/producto\\\/mugaritz-puntos-de-fuga\\\/\"]}]},{\"@type\":\"ImageObject\",\"inLanguage\":\"fr-FR\",\"@id\":\"https:\\\/\\\/www.mugaritz.com\\\/fr\\\/producto\\\/mugaritz-puntos-de-fuga\\\/#primaryimage\",\"url\":\"https:\\\/\\\/www.mugaritz.com\\\/wp-content\\\/uploads\\\/2025\\\/11\\\/IMG_5106-2-scaled.jpg\",\"contentUrl\":\"https:\\\/\\\/www.mugaritz.com\\\/wp-content\\\/uploads\\\/2025\\\/11\\\/IMG_5106-2-scaled.jpg\",\"width\":2560,\"height\":1707},{\"@type\":\"BreadcrumbList\",\"@id\":\"https:\\\/\\\/www.mugaritz.com\\\/fr\\\/producto\\\/mugaritz-puntos-de-fuga\\\/#breadcrumb\",\"itemListElement\":[{\"@type\":\"ListItem\",\"position\":1,\"name\":\"Portada\",\"item\":\"https:\\\/\\\/www.mugaritz.com\\\/fr\\\/\"},{\"@type\":\"ListItem\",\"position\":2,\"name\":\"Boutique\",\"item\":\"https:\\\/\\\/www.mugaritz.com\\\/fr\\\/boutique\\\/\"},{\"@type\":\"ListItem\",\"position\":3,\"name\":\"Mugaritz Puntos de Fuga\"}]},{\"@type\":\"WebSite\",\"@id\":\"https:\\\/\\\/www.mugaritz.com\\\/fr\\\/#website\",\"url\":\"https:\\\/\\\/www.mugaritz.com\\\/fr\\\/\",\"name\":\"Mugaritz\",\"description\":\"Nous r\u00e9inventer \u00e0 partir de la fronti\u00e8re\",\"potentialAction\":[{\"@type\":\"SearchAction\",\"target\":{\"@type\":\"EntryPoint\",\"urlTemplate\":\"https:\\\/\\\/www.mugaritz.com\\\/fr\\\/?s={search_term_string}\"},\"query-input\":{\"@type\":\"PropertyValueSpecification\",\"valueRequired\":true,\"valueName\":\"search_term_string\"}}],\"inLanguage\":\"fr-FR\"}]}<\/script>\n<!-- \/ Yoast SEO plugin. -->","yoast_head_json":{"title":"Mugaritz Puntos de Fuga - Mugaritz","robots":{"index":"index","follow":"follow","max-snippet":"max-snippet:-1","max-image-preview":"max-image-preview:large","max-video-preview":"max-video-preview:-1"},"canonical":"https:\/\/www.mugaritz.com\/fr\/producto\/mugaritz-puntos-de-fuga\/","og_locale":"fr_FR","og_type":"article","og_title":"Mugaritz Puntos de Fuga - Mugaritz","og_description":"Ouvrir l\u2019esprit, pas seulement la bouche Plus qu\u2019un livre de cuisine, Points de Fuite est un r\u00e9cit intime et audacieux sur la mani\u00e8re dont Mugaritz vit la cuisine, faisant de la cr\u00e9ativit\u00e9 le meilleur ingr\u00e9dient pour inspirer, surprendre et provoquer les convives du monde entier.Pour Andoni Luis Aduriz, la nourriture est le meilleur pr\u00e9texte pour franchir les fronti\u00e8res et explorer de nouveaux territoires, en transformant les id\u00e9es en expressions comestibles.Avec cette publication \u2013 le deuxi\u00e8me livre de Mugaritz en vingt ans d\u2019existence \u2013 il persiste \u00e0 d\u00e9visser les paradigmes, \u00e0 acc\u00e9l\u00e9rer le pr\u00e9sent de la gastronomie et, surtout, \u00e0 projeter &hellip;","og_url":"https:\/\/www.mugaritz.com\/fr\/producto\/mugaritz-puntos-de-fuga\/","og_site_name":"Mugaritz","article_modified_time":"2026-02-16T07:24:48+00:00","og_image":[{"width":2560,"height":1707,"url":"https:\/\/www.mugaritz.com\/wp-content\/uploads\/2025\/11\/IMG_5106-2-scaled.jpg","type":"image\/jpeg"}],"twitter_card":"summary_large_image","twitter_misc":{"Dur\u00e9e de lecture estim\u00e9e":"2 minutes"},"schema":{"@context":"https:\/\/schema.org","@graph":[{"@type":"WebPage","@id":"https:\/\/www.mugaritz.com\/fr\/producto\/mugaritz-puntos-de-fuga\/","url":"https:\/\/www.mugaritz.com\/fr\/producto\/mugaritz-puntos-de-fuga\/","name":"Mugaritz Puntos de Fuga - Mugaritz","isPartOf":{"@id":"https:\/\/www.mugaritz.com\/fr\/#website"},"primaryImageOfPage":{"@id":"https:\/\/www.mugaritz.com\/fr\/producto\/mugaritz-puntos-de-fuga\/#primaryimage"},"image":{"@id":"https:\/\/www.mugaritz.com\/fr\/producto\/mugaritz-puntos-de-fuga\/#primaryimage"},"thumbnailUrl":"https:\/\/www.mugaritz.com\/wp-content\/uploads\/2025\/11\/IMG_5106-2-scaled.jpg","datePublished":"2025-11-04T13:53:57+00:00","dateModified":"2026-02-16T07:24:48+00:00","breadcrumb":{"@id":"https:\/\/www.mugaritz.com\/fr\/producto\/mugaritz-puntos-de-fuga\/#breadcrumb"},"inLanguage":"fr-FR","potentialAction":[{"@type":"ReadAction","target":["https:\/\/www.mugaritz.com\/fr\/producto\/mugaritz-puntos-de-fuga\/"]}]},{"@type":"ImageObject","inLanguage":"fr-FR","@id":"https:\/\/www.mugaritz.com\/fr\/producto\/mugaritz-puntos-de-fuga\/#primaryimage","url":"https:\/\/www.mugaritz.com\/wp-content\/uploads\/2025\/11\/IMG_5106-2-scaled.jpg","contentUrl":"https:\/\/www.mugaritz.com\/wp-content\/uploads\/2025\/11\/IMG_5106-2-scaled.jpg","width":2560,"height":1707},{"@type":"BreadcrumbList","@id":"https:\/\/www.mugaritz.com\/fr\/producto\/mugaritz-puntos-de-fuga\/#breadcrumb","itemListElement":[{"@type":"ListItem","position":1,"name":"Portada","item":"https:\/\/www.mugaritz.com\/fr\/"},{"@type":"ListItem","position":2,"name":"Boutique","item":"https:\/\/www.mugaritz.com\/fr\/boutique\/"},{"@type":"ListItem","position":3,"name":"Mugaritz Puntos de Fuga"}]},{"@type":"WebSite","@id":"https:\/\/www.mugaritz.com\/fr\/#website","url":"https:\/\/www.mugaritz.com\/fr\/","name":"Mugaritz","description":"Nous r\u00e9inventer \u00e0 partir de la fronti\u00e8re","potentialAction":[{"@type":"SearchAction","target":{"@type":"EntryPoint","urlTemplate":"https:\/\/www.mugaritz.com\/fr\/?s={search_term_string}"},"query-input":{"@type":"PropertyValueSpecification","valueRequired":true,"valueName":"search_term_string"}}],"inLanguage":"fr-FR"}]}},"_links":{"self":[{"href":"https:\/\/www.mugaritz.com\/fr\/wp-json\/wp\/v2\/product\/31341","targetHints":{"allow":["GET"]}}],"collection":[{"href":"https:\/\/www.mugaritz.com\/fr\/wp-json\/wp\/v2\/product"}],"about":[{"href":"https:\/\/www.mugaritz.com\/fr\/wp-json\/wp\/v2\/types\/product"}],"wp:featuredmedia":[{"embeddable":true,"href":"https:\/\/www.mugaritz.com\/fr\/wp-json\/wp\/v2\/media\/31130"}],"wp:attachment":[{"href":"https:\/\/www.mugaritz.com\/fr\/wp-json\/wp\/v2\/media?parent=31341"}],"wp:term":[{"taxonomy":"product_brand","embeddable":true,"href":"https:\/\/www.mugaritz.com\/fr\/wp-json\/wp\/v2\/product_brand?post=31341"},{"taxonomy":"product_cat","embeddable":true,"href":"https:\/\/www.mugaritz.com\/fr\/wp-json\/wp\/v2\/product_cat?post=31341"},{"taxonomy":"product_tag","embeddable":true,"href":"https:\/\/www.mugaritz.com\/fr\/wp-json\/wp\/v2\/product_tag?post=31341"}],"curies":[{"name":"wp","href":"https:\/\/api.w.org\/{rel}","templated":true}]}}