{"id":35200,"date":"2024-08-06T09:54:50","date_gmt":"2024-08-06T07:54:50","guid":{"rendered":"https:\/\/www.mugaritz.com\/programa-creatividad-mugaritz\/"},"modified":"2026-05-07T15:03:40","modified_gmt":"2026-05-07T13:03:40","slug":"programa-creatividad-mugaritz","status":"publish","type":"page","link":"https:\/\/www.mugaritz.com\/fr\/programa-creatividad-mugaritz\/","title":{"rendered":"Programme de Cr\u00e9ativit\u00e9 Mugaritz"},"content":{"rendered":"<section id=\"\" class=\"is-absolute alignfull c-video-title c-page-header js-page-header wp-block-un-blocks-page-header\">\n  <article class=\"c-title \">\n  <div class=\"o-container \">\n          <h1 class=\"c-title__title\">Programme de Cr\u00e9ativit\u00e9 Mugaritz<\/h1>\n              <\/div>\n<\/article>\n      <div class=\"c-page-header__text o-container\">\n      <p>Un programme pionnier pour les professionnels qui souhaitent d\u00e9velopper leurs comp\u00e9tences cr\u00e9atives et int\u00e9grer de nouvelles fa\u00e7ons de penser et de voir. En combinant pr\u00e8s de trois d\u00e9cennies de savoir-faire de Mugaritz avec une \u00e9quipe p\u00e9dagogique exceptionnelle \u2014compos\u00e9e, entre autres, d&rsquo;anthropologues, de sculpteurs, de chimistes, de nutritionnistes et d&rsquo;artistes\u2014 nous explorerons, en utilisant le contexte gastronomique comme base, comment se cr\u00e9ent les id\u00e9es, les contextes et les processus qui \u00e9largissent le regard et stimulent la cr\u00e9ativit\u00e9 de chacun.<\/p>\n<p>Un programme de 6 mois au Madrid Culinary Campus (MACC) avec une semaine de s\u00e9jour \u00e0 Mugaritz pendant la p\u00e9riode cr\u00e9ative. Consultez le dossier d&rsquo;information<\/p>\n    <\/div>\n    <img loading=\"lazy\" decoding=\"async\" width=\"240\" height=\"108\" src=\"https:\/\/www.mugaritz.com\/wp-content\/uploads\/2026\/03\/Logo-MACC-Completo.png\" class=\"c-page-header__image\" alt=\"\" \/>  <div class=\"c-page-header__scroll js-scroll \">\n    <svg xmlns=\"http:\/\/www.w3.org\/2000\/svg\" width=\"28\" height=\"61\" viewBox=\"0 0 28 61\" fill=\"none\" class=\"\">\n  <rect x=\"1\" y=\"1.22266\" width=\"26\" height=\"45\" rx=\"13\" stroke=\"white\" stroke-width=\"2\"\/>\n  <line x1=\"14\" y1=\"10.2227\" x2=\"14\" y2=\"19.556\" stroke=\"white\" stroke-width=\"2\"\/>\n  <path d=\"M9 52.2227L14 57.2227L19 52.2227\" stroke=\"white\" stroke-width=\"2\"\/>\n<\/svg>    Scroll\n  <\/div>\n<\/section>\n\n\n<article class=\"c-image l-cell\">\n  <figure class=\"c-image__image-wrapper o-container o-container--fluid \">\n          <picture class=\"c-image__image-wrapper\">\n                <source width=\"2700\" height=\"1801\" media=\"(min-width: 1024px)\" srcset=\"https:\/\/www.mugaritz.com\/wp-content\/uploads\/2025\/12\/inicio-de-curso-del-programa-mugaritz-17-11-2025_17_54929642699_o-2700x1801.jpg\">\n                  <img loading=\"lazy\" decoding=\"async\" width=\"1024\" height=\"683\" src=\"https:\/\/www.mugaritz.com\/wp-content\/uploads\/2025\/12\/inicio-de-curso-del-programa-mugaritz-17-11-2025_17_54929642699_o-1024x683.jpg\" class=\"c-image__image\" alt=\"\" srcset=\"https:\/\/www.mugaritz.com\/wp-content\/uploads\/2025\/12\/inicio-de-curso-del-programa-mugaritz-17-11-2025_17_54929642699_o-1024x683.jpg 1024w, https:\/\/www.mugaritz.com\/wp-content\/uploads\/2025\/12\/inicio-de-curso-del-programa-mugaritz-17-11-2025_17_54929642699_o-300x200.jpg 300w, https:\/\/www.mugaritz.com\/wp-content\/uploads\/2025\/12\/inicio-de-curso-del-programa-mugaritz-17-11-2025_17_54929642699_o-768x512.jpg 768w, https:\/\/www.mugaritz.com\/wp-content\/uploads\/2025\/12\/inicio-de-curso-del-programa-mugaritz-17-11-2025_17_54929642699_o-1536x1025.jpg 1536w, https:\/\/www.mugaritz.com\/wp-content\/uploads\/2025\/12\/inicio-de-curso-del-programa-mugaritz-17-11-2025_17_54929642699_o-2048x1366.jpg 2048w, https:\/\/www.mugaritz.com\/wp-content\/uploads\/2025\/12\/inicio-de-curso-del-programa-mugaritz-17-11-2025_17_54929642699_o-1200x800.jpg 1200w\" sizes=\"(max-width: 1024px) 100vw, 1024px\" \/>              <\/picture>\n            <\/figure>\n<\/article>\n\n\n<article class=\"c-steps l-cell\">\n  <div class=\"o-container o-container--full\">\n              <div class=\"c-steps__item\">\n                <h3 class=\"c-steps__item-title\">\u00c0 quoi sert ce programme ?<\/h3>\n                <div class=\"c-steps__item-text\"><ul>\n<li>Renforcer les comp\u00e9tences cr\u00e9atives inn\u00e9es.<\/li>\n<li>Augmenter la capacit\u00e9 d&rsquo;innovation.<\/li>\n<li>Accro\u00eetre les possibilit\u00e9s de production de r\u00e9sultats, tant personnels qu&rsquo;organisationnels, particuli\u00e8rement dans le secteur gastronomique.<\/li>\n<li>D\u00e9velopper chez l&rsquo;individu une pr\u00e9disposition au processus cr\u00e9atif, en stimulant des comp\u00e9tences telles que la curiosit\u00e9, la discipline, l&rsquo;assertivit\u00e9 et la capacit\u00e9 de n\u00e9gociation.<\/li>\n<li>Renforcer la capacit\u00e9 \u00e0 entreprendre, diriger des \u00e9quipes et travailler en r\u00e9seau.<\/li>\n<li>Impulser un changement qui commence dans la fa\u00e7on de percevoir, transforme la mani\u00e8re de penser et se concr\u00e9tise dans de nouvelles fa\u00e7ons de faire pour influencer le monde que nous construisons.<\/li>\n<\/ul>\n<\/div>\n      <\/div>\n          <div class=\"c-steps__item\">\n                <h3 class=\"c-steps__item-title\">\u00c0 qui s&rsquo;adresse ce programme ?<\/h3>\n                <div class=\"c-steps__item-text\"><p>Le Programme de Cr\u00e9ativit\u00e9 Mugaritz s&rsquo;adresse principalement aux professionnels, qu&rsquo;ils soient issus du domaine gastronomique ou non, qui souhaitent \u00e9largir leur capacit\u00e9 cr\u00e9ative pour am\u00e9liorer leurs processus, stimuler l&rsquo;innovation et renforcer leur leadership dans des contextes marqu\u00e9s par la complexit\u00e9, la pression et l&rsquo;incertitude. Il est con\u00e7u pour ceux qui cherchent \u00e0 d\u00e9velopper de nouvelles fa\u00e7ons de penser et d&rsquo;agir, en int\u00e9grant la cr\u00e9ativit\u00e9 comme un outil appliqu\u00e9 \u00e0 la prise de d\u00e9cisions, la gestion d&rsquo;\u00e9quipes et l&rsquo;\u00e9volution de leurs propres projets.<\/p>\n<p>En m\u00eame temps, son approche transversale le rend particuli\u00e8rement adapt\u00e9 aux profils provenant d&rsquo;autres secteurs \u2014tels que les industries cr\u00e9atives, l&rsquo;entreprise, le design ou la science\u2014 qui souhaitent transf\u00e9rer ces comp\u00e9tences \u00e0 leurs domaines respectifs. Le programme ouvre des voies professionnelles dans des domaines tels que la direction cr\u00e9ative, la conception d&rsquo;exp\u00e9riences, le conseil en innovation ou le d\u00e9veloppement de nouveaux produits et mod\u00e8les d&rsquo;affaires, ainsi que dans la R&amp;D culinaire, la conceptualisation gastronomique, l&rsquo;entrepreneuriat et la facilitation de processus cr\u00e9atifs.<\/p>\n<\/div>\n      <\/div>\n          <div class=\"c-steps__item\">\n                <h3 class=\"c-steps__item-title\">En quoi consiste-t-il ?<\/h3>\n                <div class=\"c-steps__item-text\"><p>Este programa no es un plan de formaci\u00f3n convencional, sino una experiencia donde la pr\u00e1ctica, el pensamiento, la sensibilidad y la acci\u00f3n se entrelazan para transformar tu mirada. A trav\u00e9s de la gastronom\u00eda como lenguaje y laboratorio creativo, exploraremos c\u00f3mo la percepci\u00f3n, la \u00e9tica y la cultura dan significado a lo que hacemos.<br \/>\nAprender\u00e1s a dominar herramientas y procesos de vanguardia, como el Design Thinking, para colaborar en ecosistemas din\u00e1micos y convertir las crisis en oportunidades de ruptura. Todo ello se concreta en una pr\u00e1ctica intensa que culmina en tu propio proyecto personal.<\/p>\n<\/div>\n      <\/div>\n          <div class=\"c-steps__item\">\n                <h3 class=\"c-steps__item-title\">M\u00e1s de 30 profesionales invitados<\/h3>\n                <div class=\"c-steps__item-text\"><p>Cada sesi\u00f3n es una inspiraci\u00f3n, una mirada diferente. Contamos con una red de m\u00e1s de 30 profesionales invitados, de \u00e1mbitos de conocimiento tan diversos como la neurociencia, la filosof\u00eda, el dise\u00f1o o la tecnolog\u00eda,\u00a0 que en cada sesi\u00f3n contribuyen con su experiencia y visi\u00f3n a abordar los diferentes temas del programa de creatividad.<\/p>\n<\/div>\n      <\/div>\n          <div class=\"c-steps__item\">\n                <h3 class=\"c-steps__item-title\">\u00bfC\u00f3mo me puedo inscribir?<\/h3>\n                <div class=\"c-steps__item-text\"><p>A trav\u00e9s del Departamento de Admisi\u00f3n del <a href=\"https:\/\/www.maccmadrid.com\/estudios\/innovacion-culinaria-mugaritz\">Madrid Culinary Campus<\/a>. Puedes consultar m\u00e1s informaci\u00f3n y realizar tu solicitud a trav\u00e9s de la <a href=\"https:\/\/www.maccmadrid.com\/estudios\/innovacion-culinaria-mugaritz\">web.<\/a><\/p>\n<\/div>\n      <\/div>\n      <\/div>\n<\/article>\n\n\n\n<div class=\"wp-block-buttons is-content-justification-center is-layout-flex wp-container-core-buttons-is-layout-16018d1d wp-block-buttons-is-layout-flex\">\n<div class=\"wp-block-button\"><a class=\"wp-block-button__link wp-element-button\">\u00bfEst\u00e1s interesadx? Escr\u00edbenos<\/a><\/div>\n<\/div>\n\n\n\n<p><\/p>\n","protected":false},"excerpt":{"rendered":"","protected":false},"author":1,"featured_media":0,"parent":0,"menu_order":0,"comment_status":"closed","ping_status":"closed","template":"","meta":{"_acf_changed":false,"footnotes":""},"class_list":["post-35200","page","type-page","status-publish","hentry"],"acf":[],"yoast_head":"<!-- This site is optimized with the Yoast SEO plugin v27.5 - https:\/\/yoast.com\/product\/yoast-seo-wordpress\/ -->\n<title>Programme de Cr\u00e9ativit\u00e9 Mugaritz - Mugaritz<\/title>\n<meta name=\"robots\" content=\"index, follow, max-snippet:-1, max-image-preview:large, max-video-preview:-1\" \/>\n<link rel=\"canonical\" href=\"https:\/\/www.mugaritz.com\/fr\/programa-creatividad-mugaritz\/\" \/>\n<meta property=\"og:locale\" content=\"fr_FR\" \/>\n<meta property=\"og:type\" content=\"article\" \/>\n<meta property=\"og:title\" content=\"Programme de Cr\u00e9ativit\u00e9 Mugaritz - Mugaritz\" \/>\n<meta property=\"og:url\" content=\"https:\/\/www.mugaritz.com\/fr\/programa-creatividad-mugaritz\/\" \/>\n<meta property=\"og:site_name\" content=\"Mugaritz\" \/>\n<meta property=\"article:modified_time\" content=\"2026-05-07T13:03:40+00:00\" \/>\n<meta name=\"twitter:card\" content=\"summary_large_image\" \/>\n<meta name=\"twitter:label1\" content=\"Dur\u00e9e de lecture estim\u00e9e\" \/>\n\t<meta name=\"twitter:data1\" content=\"1 minute\" \/>\n<script type=\"application\/ld+json\" class=\"yoast-schema-graph\">{\"@context\":\"https:\\\/\\\/schema.org\",\"@graph\":[{\"@type\":\"WebPage\",\"@id\":\"https:\\\/\\\/www.mugaritz.com\\\/fr\\\/programa-creatividad-mugaritz\\\/\",\"url\":\"https:\\\/\\\/www.mugaritz.com\\\/fr\\\/programa-creatividad-mugaritz\\\/\",\"name\":\"Programme de Cr\u00e9ativit\u00e9 Mugaritz - Mugaritz\",\"isPartOf\":{\"@id\":\"https:\\\/\\\/www.mugaritz.com\\\/fr\\\/#website\"},\"datePublished\":\"2024-08-06T07:54:50+00:00\",\"dateModified\":\"2026-05-07T13:03:40+00:00\",\"breadcrumb\":{\"@id\":\"https:\\\/\\\/www.mugaritz.com\\\/fr\\\/programa-creatividad-mugaritz\\\/#breadcrumb\"},\"inLanguage\":\"fr-FR\",\"potentialAction\":[{\"@type\":\"ReadAction\",\"target\":[\"https:\\\/\\\/www.mugaritz.com\\\/fr\\\/programa-creatividad-mugaritz\\\/\"]}]},{\"@type\":\"BreadcrumbList\",\"@id\":\"https:\\\/\\\/www.mugaritz.com\\\/fr\\\/programa-creatividad-mugaritz\\\/#breadcrumb\",\"itemListElement\":[{\"@type\":\"ListItem\",\"position\":1,\"name\":\"Portada\",\"item\":\"https:\\\/\\\/www.mugaritz.com\\\/fr\\\/\"},{\"@type\":\"ListItem\",\"position\":2,\"name\":\"Programme de Cr\u00e9ativit\u00e9 Mugaritz\"}]},{\"@type\":\"WebSite\",\"@id\":\"https:\\\/\\\/www.mugaritz.com\\\/fr\\\/#website\",\"url\":\"https:\\\/\\\/www.mugaritz.com\\\/fr\\\/\",\"name\":\"Mugaritz\",\"description\":\"Nous r\u00e9inventer \u00e0 partir de la fronti\u00e8re\",\"potentialAction\":[{\"@type\":\"SearchAction\",\"target\":{\"@type\":\"EntryPoint\",\"urlTemplate\":\"https:\\\/\\\/www.mugaritz.com\\\/fr\\\/?s={search_term_string}\"},\"query-input\":{\"@type\":\"PropertyValueSpecification\",\"valueRequired\":true,\"valueName\":\"search_term_string\"}}],\"inLanguage\":\"fr-FR\"}]}<\/script>\n<!-- \/ Yoast SEO plugin. -->","yoast_head_json":{"title":"Programme de Cr\u00e9ativit\u00e9 Mugaritz - Mugaritz","robots":{"index":"index","follow":"follow","max-snippet":"max-snippet:-1","max-image-preview":"max-image-preview:large","max-video-preview":"max-video-preview:-1"},"canonical":"https:\/\/www.mugaritz.com\/fr\/programa-creatividad-mugaritz\/","og_locale":"fr_FR","og_type":"article","og_title":"Programme de Cr\u00e9ativit\u00e9 Mugaritz - Mugaritz","og_url":"https:\/\/www.mugaritz.com\/fr\/programa-creatividad-mugaritz\/","og_site_name":"Mugaritz","article_modified_time":"2026-05-07T13:03:40+00:00","twitter_card":"summary_large_image","twitter_misc":{"Dur\u00e9e de lecture estim\u00e9e":"1 minute"},"schema":{"@context":"https:\/\/schema.org","@graph":[{"@type":"WebPage","@id":"https:\/\/www.mugaritz.com\/fr\/programa-creatividad-mugaritz\/","url":"https:\/\/www.mugaritz.com\/fr\/programa-creatividad-mugaritz\/","name":"Programme de Cr\u00e9ativit\u00e9 Mugaritz - Mugaritz","isPartOf":{"@id":"https:\/\/www.mugaritz.com\/fr\/#website"},"datePublished":"2024-08-06T07:54:50+00:00","dateModified":"2026-05-07T13:03:40+00:00","breadcrumb":{"@id":"https:\/\/www.mugaritz.com\/fr\/programa-creatividad-mugaritz\/#breadcrumb"},"inLanguage":"fr-FR","potentialAction":[{"@type":"ReadAction","target":["https:\/\/www.mugaritz.com\/fr\/programa-creatividad-mugaritz\/"]}]},{"@type":"BreadcrumbList","@id":"https:\/\/www.mugaritz.com\/fr\/programa-creatividad-mugaritz\/#breadcrumb","itemListElement":[{"@type":"ListItem","position":1,"name":"Portada","item":"https:\/\/www.mugaritz.com\/fr\/"},{"@type":"ListItem","position":2,"name":"Programme de Cr\u00e9ativit\u00e9 Mugaritz"}]},{"@type":"WebSite","@id":"https:\/\/www.mugaritz.com\/fr\/#website","url":"https:\/\/www.mugaritz.com\/fr\/","name":"Mugaritz","description":"Nous r\u00e9inventer \u00e0 partir de la fronti\u00e8re","potentialAction":[{"@type":"SearchAction","target":{"@type":"EntryPoint","urlTemplate":"https:\/\/www.mugaritz.com\/fr\/?s={search_term_string}"},"query-input":{"@type":"PropertyValueSpecification","valueRequired":true,"valueName":"search_term_string"}}],"inLanguage":"fr-FR"}]}},"_links":{"self":[{"href":"https:\/\/www.mugaritz.com\/fr\/wp-json\/wp\/v2\/pages\/35200","targetHints":{"allow":["GET"]}}],"collection":[{"href":"https:\/\/www.mugaritz.com\/fr\/wp-json\/wp\/v2\/pages"}],"about":[{"href":"https:\/\/www.mugaritz.com\/fr\/wp-json\/wp\/v2\/types\/page"}],"author":[{"embeddable":true,"href":"https:\/\/www.mugaritz.com\/fr\/wp-json\/wp\/v2\/users\/1"}],"replies":[{"embeddable":true,"href":"https:\/\/www.mugaritz.com\/fr\/wp-json\/wp\/v2\/comments?post=35200"}],"version-history":[{"count":2,"href":"https:\/\/www.mugaritz.com\/fr\/wp-json\/wp\/v2\/pages\/35200\/revisions"}],"predecessor-version":[{"id":35203,"href":"https:\/\/www.mugaritz.com\/fr\/wp-json\/wp\/v2\/pages\/35200\/revisions\/35203"}],"wp:attachment":[{"href":"https:\/\/www.mugaritz.com\/fr\/wp-json\/wp\/v2\/media?parent=35200"}],"curies":[{"name":"wp","href":"https:\/\/api.w.org\/{rel}","templated":true}]}}