{"id":1302,"date":"2024-09-02T12:57:15","date_gmt":"2024-09-02T10:57:15","guid":{"rendered":"https:\/\/www.mugaritz.com\/aviso-legal\/"},"modified":"2024-09-11T10:11:45","modified_gmt":"2024-09-11T08:11:45","slug":"mentions-legales","status":"publish","type":"page","link":"https:\/\/www.mugaritz.com\/fr\/mentions-legales\/","title":{"rendered":"Mentions l\u00e9gales"},"content":{"rendered":"\n<h4 class=\"c-title-4 wp-block-heading\">Raison sociale<\/h4>\n\n\n\n<p>Conform\u00e9ment \u00e0 l\u2019article 10 de la loi espagnole 34\/2002 du 11 juillet relative aux services de la soci\u00e9t\u00e9 de l\u2019information et au commerce \u00e9lectronique, les donn\u00e9es suivantes sont indiqu\u00e9es ci-dessous :<\/p>\n\n\n\n<p>L\u2019entreprise propri\u00e9taire du domaine Internet est MUGALA INNOVA, S.L., titulaire du code d\u2019identification fiscale B20567848 et demeurant Paseo de Francia 2, 1\u00ba C, 20012 Donostia-San Sebasti\u00e1n, Gipuzkoa.<\/p>\n\n\n\n<h4 class=\"c-title-4 wp-block-heading\">Utilisateurs<\/h4>\n\n\n\n<p>L\u2019acc\u00e8s et\/ou l\u2019utilisation de ce portail conf\u00e8re le statut d\u2019utilisateur qui accepte, depuis cet acc\u00e8s et\/ou cette utilisation, les conditions d\u2019utilisation expos\u00e9es ici. Ces conditions s\u2019appliqueront ind\u00e9pendamment des conditions g\u00e9n\u00e9rales de souscription qui seront, le cas \u00e9ch\u00e9ant, \u00e0 respecter obligatoirement.<\/p>\n\n\n\n<h4 class=\"c-title-4 wp-block-heading\">Politique d\u2019information de protection des donn\u00e9es<\/h4>\n\n\n\n<p>En tant que titulaire responsable des fichiers automatis\u00e9s d\u00e9coulant de ce site web, MUGALA INNOVA, S.L. informe les visiteurs et utilisateurs de sa page web de sa politique de protection et de traitement des donn\u00e9es \u00e0 caract\u00e8re personnel, qui sera applicable si un des formulaires o\u00f9 sont recueillies les donn\u00e9es \u00e0 caract\u00e8re personnel est rempli, en garantissant le respect des obligations pr\u00e9vues par la r\u00e9glementation en mati\u00e8re de protection des donn\u00e9es personnelles.<\/p>\n\n\n\n<p>Les donn\u00e9es personnelles recueillies concernant les utilisateurs de notre site web figureront dans le fichier correspondant, inscrit au Registre g\u00e9n\u00e9ral de l\u2019Agence espagnole de protection des donn\u00e9es, dont le traitement est g\u00e9r\u00e9 par MUGALA INNOVA, S.L., se limitant au recueil des donn\u00e9es n\u00e9cessaires pour l\u2019objectif indiqu\u00e9 dans chaque cas, et sans lesquelles le service demand\u00e9 par l\u2019utilisateur ne pourra \u00eatre offert.<\/p>\n\n\n\n<p>MUGALA INNOVA, S.L. adopte les mesures techniques et organisationnelles n\u00e9cessaires afin de garantir la s\u00e9curit\u00e9 des donn\u00e9es \u00e0 caract\u00e8re personnel et d\u2019\u00e9viter ainsi leur alt\u00e9ration, perte, traitement ou acc\u00e8s non autoris\u00e9, compte tenu de l\u2019\u00e9tat de la technologie conform\u00e9ment \u00e0 ce qui est stipul\u00e9 dans la r\u00e9glementation de protection des donn\u00e9es.<\/p>\n\n\n\n<h4 class=\"c-title-4 wp-block-heading\">Droits<\/h4>\n\n\n\n<p>Pour l\u2019exercice de ces droits, vous pourrez vous adresser par \u00e9crit en envoyant une lettre standard par courrier postal \u00e0 l\u2019adresse de MUGALA INNOVA, S.L. avant la date indiqu\u00e9e, en joignant une copie d\u2019un document d\u2019identit\u00e9 ou en envoyant un courriel \u00e0 l\u2019adresse <a href=\"mailto:info@mugaritz.com\">info@mugaritz.com<\/a>.<\/p>\n\n\n\n<h4 class=\"c-title-4 wp-block-heading\">Volontariat<\/h4>\n\n\n\n<p>MUGALA INNOVA, S.L. informe les utilisateurs de la page web du caract\u00e8re volontaire ou obligatoire de fournir les donn\u00e9es \u00e0 caract\u00e8re personnel demand\u00e9es dans les formulaires d\u2019acc\u00e8s et de l\u2019inscription aux services et\/ou contenus offerts sur la page web.<\/p>\n\n\n\n<p>De la m\u00eame mani\u00e8re, MUGALA INNOVA, S.L. informe les utilisateurs que conform\u00e9ment \u00e0 la loi espagnole 34\/2002 du 11 juillet relative aux services de la soci\u00e9t\u00e9 de l\u2019information et au commerce \u00e9lectronique, votre consentement est requis pour le traitement de votre adresse email \u00e0 des fins commerciales, promotionnelles ou de divulgation de l\u2019activit\u00e9 de l\u2019organisation. \u00c0 cet effet, les utilisateurs de notre site web, en cochant la case correspondante, acceptent que leurs donn\u00e9es personnelles soient trait\u00e9es \u00e0 de telles fins, \u00e0 travers l\u2019envoi de communications par email, fax, SMS, MMS ou messagerie instantan\u00e9e, communaut\u00e9s sociales ou tout autre moyen \u00e9lectronique ou physique, pr\u00e9sent ou futur, permettant de r\u00e9aliser une communication commerciale ou de divulgation li\u00e9e aux produits ou services offerts par l\u2019organisation.<\/p>\n\n\n\n<h4 class=\"c-title-4 wp-block-heading\">Cession de done\u00e9s<\/h4>\n\n\n\n<p>Les donn\u00e9es personnelles fournies par les utilisateurs de notre site web ne seront pas c\u00e9d\u00e9es \u00e0 des tiers, sauf dans le cas de l\u2019ex\u00e9cution d\u2019une obligation l\u00e9gale l\u2019ordonnant. Dans le cas o\u00f9, en outre, MUGALA INNOVA, S.L. le juge n\u00e9cessaire pour la r\u00e9alisation d\u2019objectifs l\u00e9gitimes de l\u2019organisation, le consentement pr\u00e9alable de la personne sera requis.<\/p>\n\n\n\n<h4 class=\"c-title-4 wp-block-heading\">Mise \u00e0 jour p\u00e9riodique<\/h4>\n\n\n\n<p>MUGALA INNOVA, S.L. peut modifier cette Politique de Confidentialit\u00e9 en raison de l\u2019ex\u00e9cution d\u2019obligations l\u00e9gales, ou de son adaptation aux instructions dict\u00e9es par l\u2019Agence espagnole de protection des donn\u00e9es ou les Tribunaux \u00e9tatiques ou europ\u00e9ens comp\u00e9tents.<\/p>\n\n\n\n<h4 class=\"c-title-4 wp-block-heading\">V\u00e9racit\u00e9 des donn\u00e9es<\/h4>\n\n\n\n<p>Les utilisateurs r\u00e9pondront, en tout \u00e9tat de cause, de la v\u00e9racit\u00e9 des donn\u00e9es fournies et sont responsables de communiquer \u00e0 MUGALA INNOVA, S.L. leur modification, l\u2019organisation \u00e9tant exempte de toute responsabilit\u00e9 \u00e0 cet \u00e9gard.<\/p>\n","protected":false},"excerpt":{"rendered":"<p>Raison sociale Conform\u00e9ment \u00e0 l\u2019article 10 de la loi espagnole 34\/2002 du 11 juillet relative aux services de la soci\u00e9t\u00e9 de l\u2019information et au commerce \u00e9lectronique, les donn\u00e9es suivantes sont indiqu\u00e9es ci-dessous : L\u2019entreprise propri\u00e9taire du domaine Internet est MUGALA INNOVA, S.L., titulaire du code d\u2019identification fiscale B20567848 et demeurant Paseo de Francia 2, 1\u00ba C, 20012 Donostia-San Sebasti\u00e1n, Gipuzkoa. Utilisateurs L\u2019acc\u00e8s et\/ou l\u2019utilisation de ce portail conf\u00e8re le statut d\u2019utilisateur qui accepte, depuis cet acc\u00e8s et\/ou cette utilisation, les conditions d\u2019utilisation expos\u00e9es ici. Ces conditions s\u2019appliqueront ind\u00e9pendamment des conditions g\u00e9n\u00e9rales de souscription qui seront, le cas \u00e9ch\u00e9ant, \u00e0 respecter &hellip;<\/p>\n","protected":false},"author":1,"featured_media":0,"parent":0,"menu_order":0,"comment_status":"closed","ping_status":"closed","template":"","meta":{"_acf_changed":false,"footnotes":""},"class_list":["post-1302","page","type-page","status-publish","hentry"],"acf":[],"yoast_head":"<!-- This site is optimized with the Yoast SEO plugin v27.3 - https:\/\/yoast.com\/product\/yoast-seo-wordpress\/ -->\n<title>Mentions l\u00e9gales - Mugaritz<\/title>\n<meta name=\"robots\" content=\"index, follow, max-snippet:-1, max-image-preview:large, max-video-preview:-1\" \/>\n<link rel=\"canonical\" href=\"https:\/\/www.mugaritz.com\/fr\/mentions-legales\/\" \/>\n<meta property=\"og:locale\" content=\"fr_FR\" \/>\n<meta property=\"og:type\" content=\"article\" \/>\n<meta property=\"og:title\" content=\"Mentions l\u00e9gales - Mugaritz\" \/>\n<meta property=\"og:description\" content=\"Raison sociale Conform\u00e9ment \u00e0 l\u2019article 10 de la loi espagnole 34\/2002 du 11 juillet relative aux services de la soci\u00e9t\u00e9 de l\u2019information et au commerce \u00e9lectronique, les donn\u00e9es suivantes sont indiqu\u00e9es ci-dessous : L\u2019entreprise propri\u00e9taire du domaine Internet est MUGALA INNOVA, S.L., titulaire du code d\u2019identification fiscale B20567848 et demeurant Paseo de Francia 2, 1\u00ba C, 20012 Donostia-San Sebasti\u00e1n, Gipuzkoa. Utilisateurs L\u2019acc\u00e8s et\/ou l\u2019utilisation de ce portail conf\u00e8re le statut d\u2019utilisateur qui accepte, depuis cet acc\u00e8s et\/ou cette utilisation, les conditions d\u2019utilisation expos\u00e9es ici. Ces conditions s\u2019appliqueront ind\u00e9pendamment des conditions g\u00e9n\u00e9rales de souscription qui seront, le cas \u00e9ch\u00e9ant, \u00e0 respecter &hellip;\" \/>\n<meta property=\"og:url\" content=\"https:\/\/www.mugaritz.com\/fr\/mentions-legales\/\" \/>\n<meta property=\"og:site_name\" content=\"Mugaritz\" \/>\n<meta property=\"article:modified_time\" content=\"2024-09-11T08:11:45+00:00\" \/>\n<meta name=\"twitter:card\" content=\"summary_large_image\" \/>\n<meta name=\"twitter:label1\" content=\"Dur\u00e9e de lecture estim\u00e9e\" \/>\n\t<meta name=\"twitter:data1\" content=\"3 minutes\" \/>\n<script type=\"application\/ld+json\" class=\"yoast-schema-graph\">{\"@context\":\"https:\\\/\\\/schema.org\",\"@graph\":[{\"@type\":\"WebPage\",\"@id\":\"https:\\\/\\\/www.mugaritz.com\\\/fr\\\/mentions-legales\\\/\",\"url\":\"https:\\\/\\\/www.mugaritz.com\\\/fr\\\/mentions-legales\\\/\",\"name\":\"Mentions l\u00e9gales - Mugaritz\",\"isPartOf\":{\"@id\":\"https:\\\/\\\/www.mugaritz.com\\\/fr\\\/#website\"},\"datePublished\":\"2024-09-02T10:57:15+00:00\",\"dateModified\":\"2024-09-11T08:11:45+00:00\",\"breadcrumb\":{\"@id\":\"https:\\\/\\\/www.mugaritz.com\\\/fr\\\/mentions-legales\\\/#breadcrumb\"},\"inLanguage\":\"fr-FR\",\"potentialAction\":[{\"@type\":\"ReadAction\",\"target\":[\"https:\\\/\\\/www.mugaritz.com\\\/fr\\\/mentions-legales\\\/\"]}]},{\"@type\":\"BreadcrumbList\",\"@id\":\"https:\\\/\\\/www.mugaritz.com\\\/fr\\\/mentions-legales\\\/#breadcrumb\",\"itemListElement\":[{\"@type\":\"ListItem\",\"position\":1,\"name\":\"Portada\",\"item\":\"https:\\\/\\\/www.mugaritz.com\\\/fr\\\/\"},{\"@type\":\"ListItem\",\"position\":2,\"name\":\"Mentions l\u00e9gales\"}]},{\"@type\":\"WebSite\",\"@id\":\"https:\\\/\\\/www.mugaritz.com\\\/fr\\\/#website\",\"url\":\"https:\\\/\\\/www.mugaritz.com\\\/fr\\\/\",\"name\":\"Mugaritz\",\"description\":\"Nous r\u00e9inventer \u00e0 partir de la fronti\u00e8re\",\"potentialAction\":[{\"@type\":\"SearchAction\",\"target\":{\"@type\":\"EntryPoint\",\"urlTemplate\":\"https:\\\/\\\/www.mugaritz.com\\\/fr\\\/?s={search_term_string}\"},\"query-input\":{\"@type\":\"PropertyValueSpecification\",\"valueRequired\":true,\"valueName\":\"search_term_string\"}}],\"inLanguage\":\"fr-FR\"}]}<\/script>\n<!-- \/ Yoast SEO plugin. -->","yoast_head_json":{"title":"Mentions l\u00e9gales - Mugaritz","robots":{"index":"index","follow":"follow","max-snippet":"max-snippet:-1","max-image-preview":"max-image-preview:large","max-video-preview":"max-video-preview:-1"},"canonical":"https:\/\/www.mugaritz.com\/fr\/mentions-legales\/","og_locale":"fr_FR","og_type":"article","og_title":"Mentions l\u00e9gales - Mugaritz","og_description":"Raison sociale Conform\u00e9ment \u00e0 l\u2019article 10 de la loi espagnole 34\/2002 du 11 juillet relative aux services de la soci\u00e9t\u00e9 de l\u2019information et au commerce \u00e9lectronique, les donn\u00e9es suivantes sont indiqu\u00e9es ci-dessous : L\u2019entreprise propri\u00e9taire du domaine Internet est MUGALA INNOVA, S.L., titulaire du code d\u2019identification fiscale B20567848 et demeurant Paseo de Francia 2, 1\u00ba C, 20012 Donostia-San Sebasti\u00e1n, Gipuzkoa. Utilisateurs L\u2019acc\u00e8s et\/ou l\u2019utilisation de ce portail conf\u00e8re le statut d\u2019utilisateur qui accepte, depuis cet acc\u00e8s et\/ou cette utilisation, les conditions d\u2019utilisation expos\u00e9es ici. Ces conditions s\u2019appliqueront ind\u00e9pendamment des conditions g\u00e9n\u00e9rales de souscription qui seront, le cas \u00e9ch\u00e9ant, \u00e0 respecter &hellip;","og_url":"https:\/\/www.mugaritz.com\/fr\/mentions-legales\/","og_site_name":"Mugaritz","article_modified_time":"2024-09-11T08:11:45+00:00","twitter_card":"summary_large_image","twitter_misc":{"Dur\u00e9e de lecture estim\u00e9e":"3 minutes"},"schema":{"@context":"https:\/\/schema.org","@graph":[{"@type":"WebPage","@id":"https:\/\/www.mugaritz.com\/fr\/mentions-legales\/","url":"https:\/\/www.mugaritz.com\/fr\/mentions-legales\/","name":"Mentions l\u00e9gales - Mugaritz","isPartOf":{"@id":"https:\/\/www.mugaritz.com\/fr\/#website"},"datePublished":"2024-09-02T10:57:15+00:00","dateModified":"2024-09-11T08:11:45+00:00","breadcrumb":{"@id":"https:\/\/www.mugaritz.com\/fr\/mentions-legales\/#breadcrumb"},"inLanguage":"fr-FR","potentialAction":[{"@type":"ReadAction","target":["https:\/\/www.mugaritz.com\/fr\/mentions-legales\/"]}]},{"@type":"BreadcrumbList","@id":"https:\/\/www.mugaritz.com\/fr\/mentions-legales\/#breadcrumb","itemListElement":[{"@type":"ListItem","position":1,"name":"Portada","item":"https:\/\/www.mugaritz.com\/fr\/"},{"@type":"ListItem","position":2,"name":"Mentions l\u00e9gales"}]},{"@type":"WebSite","@id":"https:\/\/www.mugaritz.com\/fr\/#website","url":"https:\/\/www.mugaritz.com\/fr\/","name":"Mugaritz","description":"Nous r\u00e9inventer \u00e0 partir de la fronti\u00e8re","potentialAction":[{"@type":"SearchAction","target":{"@type":"EntryPoint","urlTemplate":"https:\/\/www.mugaritz.com\/fr\/?s={search_term_string}"},"query-input":{"@type":"PropertyValueSpecification","valueRequired":true,"valueName":"search_term_string"}}],"inLanguage":"fr-FR"}]}},"_links":{"self":[{"href":"https:\/\/www.mugaritz.com\/fr\/wp-json\/wp\/v2\/pages\/1302","targetHints":{"allow":["GET"]}}],"collection":[{"href":"https:\/\/www.mugaritz.com\/fr\/wp-json\/wp\/v2\/pages"}],"about":[{"href":"https:\/\/www.mugaritz.com\/fr\/wp-json\/wp\/v2\/types\/page"}],"author":[{"embeddable":true,"href":"https:\/\/www.mugaritz.com\/fr\/wp-json\/wp\/v2\/users\/1"}],"replies":[{"embeddable":true,"href":"https:\/\/www.mugaritz.com\/fr\/wp-json\/wp\/v2\/comments?post=1302"}],"version-history":[{"count":0,"href":"https:\/\/www.mugaritz.com\/fr\/wp-json\/wp\/v2\/pages\/1302\/revisions"}],"wp:attachment":[{"href":"https:\/\/www.mugaritz.com\/fr\/wp-json\/wp\/v2\/media?parent=1302"}],"curies":[{"name":"wp","href":"https:\/\/api.w.org\/{rel}","templated":true}]}}