{"id":1177,"date":"2024-09-04T15:54:11","date_gmt":"2024-09-04T13:54:11","guid":{"rendered":"https:\/\/www.mugaritz.com\/como-llegar\/"},"modified":"2024-09-06T15:35:19","modified_gmt":"2024-09-06T13:35:19","slug":"comment-rendre","status":"publish","type":"page","link":"https:\/\/www.mugaritz.com\/fr\/comment-rendre\/","title":{"rendered":"Comment s&rsquo;y rendre"},"content":{"rendered":"<section id=\"\" class=\"is-absolute alignfull c-video-title c-page-header js-page-header wp-block-un-blocks-page-header\">\n  <article class=\"c-title \">\n  <div class=\"o-container \">\n          <h1 class=\"c-title__title\">Comment se rendre \u00e0 Mugaritz<\/h1>\n              <\/div>\n<\/article>\n      <div class=\"c-page-header__scroll js-scroll \">\n    <svg xmlns=\"http:\/\/www.w3.org\/2000\/svg\" width=\"28\" height=\"61\" viewBox=\"0 0 28 61\" fill=\"none\" class=\"\">\n  <rect x=\"1\" y=\"1.22266\" width=\"26\" height=\"45\" rx=\"13\" stroke=\"white\" stroke-width=\"2\"\/>\n  <line x1=\"14\" y1=\"10.2227\" x2=\"14\" y2=\"19.556\" stroke=\"white\" stroke-width=\"2\"\/>\n  <path d=\"M9 52.2227L14 57.2227L19 52.2227\" stroke=\"white\" stroke-width=\"2\"\/>\n<\/svg>    Scroll\n  <\/div>\n<\/section>\n\n\n<artcile class=\"c-text l-cell\">\n  <div class=\"c-text__wrapper o-container o-container--full\">\n    <div class=\"c-text__image-side\">\n              <img loading=\"lazy\" decoding=\"async\" width=\"1024\" height=\"585\" src=\"https:\/\/www.mugaritz.com\/wp-content\/uploads\/2024\/08\/About-Exterior-1024x585.webp\" class=\"c-text__img\" alt=\"\" srcset=\"https:\/\/www.mugaritz.com\/wp-content\/uploads\/2024\/08\/About-Exterior-1024x585.webp 1024w, https:\/\/www.mugaritz.com\/wp-content\/uploads\/2024\/08\/About-Exterior-1200x686.webp 1200w, https:\/\/www.mugaritz.com\/wp-content\/uploads\/2024\/08\/About-Exterior-300x171.webp 300w, https:\/\/www.mugaritz.com\/wp-content\/uploads\/2024\/08\/About-Exterior-768x439.webp 768w, https:\/\/www.mugaritz.com\/wp-content\/uploads\/2024\/08\/About-Exterior-1536x878.webp 1536w, https:\/\/www.mugaritz.com\/wp-content\/uploads\/2024\/08\/About-Exterior.webp 2000w\" sizes=\"(max-width: 1024px) 100vw, 1024px\" \/>          <\/div>\n    <div class=\"c-text__content\">\n                  <div class=\"c-text__text\"><p>Mugaritz est situ\u00e9 sur la ligne de d\u00e9marcation des deux villes Basques, Errenteria et Astigarraga. Mugaritz est un hommage \u00e0 la fronti\u00e8re (Muga, en Basque) et le ch\u00eane (haritza) qui observe cette limite au cours de plus de 200 ans, entour\u00e9e par la nature.<\/p>\n<p>La chance conduit \u00e0 Mugaritz l\u00e0 o\u00f9 il se situe, mais, au fil du temps, la fronti\u00e8re a d\u00e9fini sa identit\u00e9. Aujourd&rsquo;hui, nous sommes \u00e0 l\u2019aise dans les limites, aussi bien entre la cuisine et l\u2019art mais \u00e9galement dans les limites entre le monde culinaire et la science.<\/p>\n<\/div>\n          <\/div>\n  <\/div>\n<\/artcile>\n\n\n<article class=\"c-steps l-cell\">\n  <div class=\"o-container o-container--full\">\n              <div class=\"c-steps__item\">\n                <h3 class=\"c-steps__item-title\">Aldura Aldea, 20<br> 20100 Errenteria<br> Gipuzkoa<\/h3>\n                <div class=\"c-steps__item-text\"><p>Si vous disposez d&rsquo;un GPS, l&rsquo;adresse ou les coordonn\u00e9es que vous devez entrer sont\u00a0:<\/p>\n<ul>\n<li>Longitude : 1\u00ba 55\u2019 2\u2019\u2019 Ouest<\/li>\n<li>Latitude : 43\u00ba 16\u2019 20\u2019\u2019 Nord<\/li>\n<\/ul>\n<p>Si vous avez le moindre probl\u00e8me pour nous localiser, n&rsquo;h\u00e9sitez pas \u00e0 nous contacter au +34 943 522 455 et nous ferons notre possible pour vous aider.<\/p>\n<p>Plus d&rsquo;informations sur les logements de la zone :<br \/>\n<span style=\"text-decoration: underline;\"><a href=\"https:\/\/www.sansebastianturismoa.eus\/fr\/\" target=\"_blank\" rel=\"noopener\">www.sansebastianturismoa.eus<\/a><\/span><\/p>\n<\/div>\n      <\/div>\n      <\/div>\n<\/article>\n\n\n<section id=\"\" class=\"l-grid c-button-double js-button-double wp-block-un-blocks-button-double\">\n      <div class=\"l-cell\">\n      <a target=\"_blank\" href=\"https:\/\/www.google.es\/maps\/place\/Restaurante+Mugaritz\/@43.2724044,-1.9172118,17z\/data=!3m1!4b1!4m6!3m5!1s0xd51aed6fee3b2ad:0x5f789cf1f1ab27a4!8m2!3d43.2724044!4d-1.9172118!16s%2Fm%2F02qsl94?entry=ttu&#038;g_ep=EgoyMDI0MDgyOC4wIKXMDSoASAFQAw%3D%3D\" class=\"c-button\">\n        Google Maps      <\/a>\n    <\/div>\n    <div class=\"l-cell\">\n      <a target=\"_blank\" href=\"https:\/\/www.google.es\/maps\/place\/Restaurante+Mugaritz\/@43.2724044,-1.9172118,17z\/data=!3m1!4b1!4m6!3m5!1s0xd51aed6fee3b2ad:0x5f789cf1f1ab27a4!8m2!3d43.2724044!4d-1.9172118!16s%2Fm%2F02qsl94?entry=ttu&#038;g_ep=EgoyMDI0MDgyOC4wIKXMDSoASAFQAw%3D%3D\" class=\"c-button\">\n        Google Maps      <\/a>\n    <\/div>\n  <\/section>\n","protected":false},"excerpt":{"rendered":"","protected":false},"author":2,"featured_media":0,"parent":0,"menu_order":0,"comment_status":"closed","ping_status":"closed","template":"","meta":{"_acf_changed":false,"footnotes":""},"class_list":["post-1177","page","type-page","status-publish","hentry"],"acf":[],"yoast_head":"<!-- This site is optimized with the Yoast SEO plugin v27.4 - https:\/\/yoast.com\/product\/yoast-seo-wordpress\/ -->\n<title>Comment s&#039;y rendre - Mugaritz<\/title>\n<meta name=\"robots\" content=\"index, follow, max-snippet:-1, max-image-preview:large, max-video-preview:-1\" \/>\n<link rel=\"canonical\" href=\"https:\/\/www.mugaritz.com\/fr\/comment-rendre\/\" \/>\n<meta property=\"og:locale\" content=\"fr_FR\" \/>\n<meta property=\"og:type\" content=\"article\" \/>\n<meta property=\"og:title\" content=\"Comment s&#039;y rendre - Mugaritz\" \/>\n<meta property=\"og:url\" content=\"https:\/\/www.mugaritz.com\/fr\/comment-rendre\/\" \/>\n<meta property=\"og:site_name\" content=\"Mugaritz\" \/>\n<meta property=\"article:modified_time\" content=\"2024-09-06T13:35:19+00:00\" \/>\n<meta name=\"twitter:card\" content=\"summary_large_image\" \/>\n<script type=\"application\/ld+json\" class=\"yoast-schema-graph\">{\"@context\":\"https:\\\/\\\/schema.org\",\"@graph\":[{\"@type\":\"WebPage\",\"@id\":\"https:\\\/\\\/www.mugaritz.com\\\/fr\\\/comment-rendre\\\/\",\"url\":\"https:\\\/\\\/www.mugaritz.com\\\/fr\\\/comment-rendre\\\/\",\"name\":\"Comment s'y rendre - Mugaritz\",\"isPartOf\":{\"@id\":\"https:\\\/\\\/www.mugaritz.com\\\/fr\\\/#website\"},\"datePublished\":\"2024-09-04T13:54:11+00:00\",\"dateModified\":\"2024-09-06T13:35:19+00:00\",\"breadcrumb\":{\"@id\":\"https:\\\/\\\/www.mugaritz.com\\\/fr\\\/comment-rendre\\\/#breadcrumb\"},\"inLanguage\":\"fr-FR\",\"potentialAction\":[{\"@type\":\"ReadAction\",\"target\":[\"https:\\\/\\\/www.mugaritz.com\\\/fr\\\/comment-rendre\\\/\"]}]},{\"@type\":\"BreadcrumbList\",\"@id\":\"https:\\\/\\\/www.mugaritz.com\\\/fr\\\/comment-rendre\\\/#breadcrumb\",\"itemListElement\":[{\"@type\":\"ListItem\",\"position\":1,\"name\":\"Portada\",\"item\":\"https:\\\/\\\/www.mugaritz.com\\\/fr\\\/\"},{\"@type\":\"ListItem\",\"position\":2,\"name\":\"Comment s&rsquo;y rendre\"}]},{\"@type\":\"WebSite\",\"@id\":\"https:\\\/\\\/www.mugaritz.com\\\/fr\\\/#website\",\"url\":\"https:\\\/\\\/www.mugaritz.com\\\/fr\\\/\",\"name\":\"Mugaritz\",\"description\":\"Nous r\u00e9inventer \u00e0 partir de la fronti\u00e8re\",\"potentialAction\":[{\"@type\":\"SearchAction\",\"target\":{\"@type\":\"EntryPoint\",\"urlTemplate\":\"https:\\\/\\\/www.mugaritz.com\\\/fr\\\/?s={search_term_string}\"},\"query-input\":{\"@type\":\"PropertyValueSpecification\",\"valueRequired\":true,\"valueName\":\"search_term_string\"}}],\"inLanguage\":\"fr-FR\"}]}<\/script>\n<!-- \/ Yoast SEO plugin. -->","yoast_head_json":{"title":"Comment s'y rendre - Mugaritz","robots":{"index":"index","follow":"follow","max-snippet":"max-snippet:-1","max-image-preview":"max-image-preview:large","max-video-preview":"max-video-preview:-1"},"canonical":"https:\/\/www.mugaritz.com\/fr\/comment-rendre\/","og_locale":"fr_FR","og_type":"article","og_title":"Comment s'y rendre - Mugaritz","og_url":"https:\/\/www.mugaritz.com\/fr\/comment-rendre\/","og_site_name":"Mugaritz","article_modified_time":"2024-09-06T13:35:19+00:00","twitter_card":"summary_large_image","schema":{"@context":"https:\/\/schema.org","@graph":[{"@type":"WebPage","@id":"https:\/\/www.mugaritz.com\/fr\/comment-rendre\/","url":"https:\/\/www.mugaritz.com\/fr\/comment-rendre\/","name":"Comment s'y rendre - Mugaritz","isPartOf":{"@id":"https:\/\/www.mugaritz.com\/fr\/#website"},"datePublished":"2024-09-04T13:54:11+00:00","dateModified":"2024-09-06T13:35:19+00:00","breadcrumb":{"@id":"https:\/\/www.mugaritz.com\/fr\/comment-rendre\/#breadcrumb"},"inLanguage":"fr-FR","potentialAction":[{"@type":"ReadAction","target":["https:\/\/www.mugaritz.com\/fr\/comment-rendre\/"]}]},{"@type":"BreadcrumbList","@id":"https:\/\/www.mugaritz.com\/fr\/comment-rendre\/#breadcrumb","itemListElement":[{"@type":"ListItem","position":1,"name":"Portada","item":"https:\/\/www.mugaritz.com\/fr\/"},{"@type":"ListItem","position":2,"name":"Comment s&rsquo;y rendre"}]},{"@type":"WebSite","@id":"https:\/\/www.mugaritz.com\/fr\/#website","url":"https:\/\/www.mugaritz.com\/fr\/","name":"Mugaritz","description":"Nous r\u00e9inventer \u00e0 partir de la fronti\u00e8re","potentialAction":[{"@type":"SearchAction","target":{"@type":"EntryPoint","urlTemplate":"https:\/\/www.mugaritz.com\/fr\/?s={search_term_string}"},"query-input":{"@type":"PropertyValueSpecification","valueRequired":true,"valueName":"search_term_string"}}],"inLanguage":"fr-FR"}]}},"_links":{"self":[{"href":"https:\/\/www.mugaritz.com\/fr\/wp-json\/wp\/v2\/pages\/1177","targetHints":{"allow":["GET"]}}],"collection":[{"href":"https:\/\/www.mugaritz.com\/fr\/wp-json\/wp\/v2\/pages"}],"about":[{"href":"https:\/\/www.mugaritz.com\/fr\/wp-json\/wp\/v2\/types\/page"}],"author":[{"embeddable":true,"href":"https:\/\/www.mugaritz.com\/fr\/wp-json\/wp\/v2\/users\/2"}],"replies":[{"embeddable":true,"href":"https:\/\/www.mugaritz.com\/fr\/wp-json\/wp\/v2\/comments?post=1177"}],"version-history":[{"count":0,"href":"https:\/\/www.mugaritz.com\/fr\/wp-json\/wp\/v2\/pages\/1177\/revisions"}],"wp:attachment":[{"href":"https:\/\/www.mugaritz.com\/fr\/wp-json\/wp\/v2\/media?parent=1177"}],"curies":[{"name":"wp","href":"https:\/\/api.w.org\/{rel}","templated":true}]}}