{"id":1157,"date":"2024-07-31T12:55:13","date_gmt":"2024-07-31T10:55:13","guid":{"rendered":"https:\/\/www.mugaritz.com\/descarga-dossier\/"},"modified":"2024-09-12T08:34:48","modified_gmt":"2024-09-12T06:34:48","slug":"telechargez-dossier","status":"publish","type":"page","link":"https:\/\/www.mugaritz.com\/fr\/telechargez-dossier\/","title":{"rendered":"T\u00e9l\u00e9chargez le dossier"},"content":{"rendered":"<section\nid=\"\"\nclass=\"c-form alignfull js-form  wp-block-un-blocks-form\">\n  <aside class=\"c-form__aside\">\n    <small class=\"c-form__warning\">* Champs obligatoires<\/small>\n    <div class=\"c-form__text\"><p>Remplissez ce formulaire et nous vous enverrons le dossier de presse avec les photographies de Mugaritz.<\/p>\n<p>Contact : <a href=\"mailto:prensa@mugaritz.com\">prensa@mugaritz.com<\/a><\/p>\n<\/div>\n  <\/aside>\n  <div class=\"c-form__wrapper\">\n<div class=\"wpcf7 no-js\" id=\"wpcf7-f1767-o1\" lang=\"fr-FR\" dir=\"ltr\" data-wpcf7-id=\"1767\">\n<div class=\"screen-reader-response\"><p role=\"status\" aria-live=\"polite\" aria-atomic=\"true\"><\/p> <ul><\/ul><\/div>\n<form action=\"\/fr\/wp-json\/wp\/v2\/pages\/1157#wpcf7-f1767-o1\" method=\"post\" class=\"wpcf7-form init\" aria-label=\"Formulaire de contact\" novalidate=\"novalidate\" data-status=\"init\">\n<fieldset class=\"hidden-fields-container\"><input type=\"hidden\" name=\"_wpcf7\" value=\"1767\" \/><input type=\"hidden\" name=\"_wpcf7_version\" value=\"6.1.5\" \/><input type=\"hidden\" name=\"_wpcf7_locale\" value=\"fr_FR\" \/><input type=\"hidden\" name=\"_wpcf7_unit_tag\" value=\"wpcf7-f1767-o1\" \/><input type=\"hidden\" name=\"_wpcf7_container_post\" value=\"0\" \/><input type=\"hidden\" name=\"_wpcf7_posted_data_hash\" value=\"\" \/><input type=\"hidden\" name=\"_wpcf7_recaptcha_response\" value=\"\" \/>\n<\/fieldset>\n<p><label>Pr\u00e9nom *<br \/>\n<span class=\"wpcf7-form-control-wrap\" data-name=\"your-nombre\"><input size=\"40\" maxlength=\"400\" class=\"wpcf7-form-control wpcf7-text wpcf7-validates-as-required\" autocomplete=\"given-name\" aria-required=\"true\" aria-invalid=\"false\" value=\"\" type=\"text\" name=\"your-nombre\" \/><\/span> <\/label>\n<\/p>\n<p><label>Nom *<br \/>\n<span class=\"wpcf7-form-control-wrap\" data-name=\"your-apellidos\"><input size=\"40\" maxlength=\"400\" class=\"wpcf7-form-control wpcf7-text wpcf7-validates-as-required\" autocomplete=\"family-name\" aria-required=\"true\" aria-invalid=\"false\" value=\"\" type=\"text\" name=\"your-apellidos\" \/><\/span> <\/label>\n<\/p>\n<p><label>E-mail *<br \/>\n<span class=\"wpcf7-form-control-wrap\" data-name=\"your-email\"><input size=\"40\" maxlength=\"400\" class=\"wpcf7-form-control wpcf7-email wpcf7-validates-as-required wpcf7-text wpcf7-validates-as-email\" autocomplete=\"email\" aria-required=\"true\" aria-invalid=\"false\" value=\"\" type=\"email\" name=\"your-email\" \/><\/span> <\/label>\n<\/p>\n<p><label>Entreprise *<br \/>\n<span class=\"wpcf7-form-control-wrap\" data-name=\"your-medio\"><input size=\"40\" maxlength=\"400\" class=\"wpcf7-form-control wpcf7-text wpcf7-validates-as-required\" aria-required=\"true\" aria-invalid=\"false\" value=\"\" type=\"text\" name=\"your-medio\" \/><\/span> <\/label>\n<\/p>\n<p><span class=\"wpcf7-form-control-wrap\" data-name=\"accept\"><span class=\"wpcf7-form-control wpcf7-acceptance\"><span class=\"wpcf7-list-item\"><label><input type=\"checkbox\" name=\"accept\" value=\"1\" aria-invalid=\"false\" \/><span class=\"wpcf7-list-item-label\">J'ai lu et accepte les <a href=\"\/fr\/mentions-legales\">Mentions l\u00e9gales<\/a> ainsi que la <a href=\"\/fr\/politique-confidentialite\/\">Politique de confidentialit\u00e9<\/a>.<\/span><\/label><\/span><\/span><\/span>\n<\/p>\n<div class=\"c-form__submit\">\n\t<p><input class=\"wpcf7-form-control wpcf7-submit has-spinner c-button\" type=\"submit\" value=\"Envoyer\" \/>\n\t<\/p>\n<\/div><div class=\"wpcf7-response-output\" aria-hidden=\"true\"><\/div>\n<\/form>\n<\/div>\n<\/div>\n<\/section>\n","protected":false},"excerpt":{"rendered":"","protected":false},"author":1,"featured_media":0,"parent":0,"menu_order":0,"comment_status":"closed","ping_status":"closed","template":"","meta":{"_acf_changed":false,"footnotes":""},"class_list":["post-1157","page","type-page","status-publish","hentry"],"acf":[],"yoast_head":"<!-- This site is optimized with the Yoast SEO plugin v27.4 - https:\/\/yoast.com\/product\/yoast-seo-wordpress\/ -->\n<title>T\u00e9l\u00e9chargez le dossier - Mugaritz<\/title>\n<meta name=\"robots\" content=\"index, follow, max-snippet:-1, max-image-preview:large, max-video-preview:-1\" \/>\n<link rel=\"canonical\" href=\"https:\/\/www.mugaritz.com\/fr\/telechargez-dossier\/\" \/>\n<meta property=\"og:locale\" content=\"fr_FR\" \/>\n<meta property=\"og:type\" content=\"article\" \/>\n<meta property=\"og:title\" content=\"T\u00e9l\u00e9chargez le dossier - Mugaritz\" \/>\n<meta property=\"og:url\" content=\"https:\/\/www.mugaritz.com\/fr\/telechargez-dossier\/\" \/>\n<meta property=\"og:site_name\" content=\"Mugaritz\" \/>\n<meta property=\"article:modified_time\" content=\"2024-09-12T06:34:48+00:00\" \/>\n<meta name=\"twitter:card\" content=\"summary_large_image\" \/>\n<script type=\"application\/ld+json\" class=\"yoast-schema-graph\">{\"@context\":\"https:\\\/\\\/schema.org\",\"@graph\":[{\"@type\":\"WebPage\",\"@id\":\"https:\\\/\\\/www.mugaritz.com\\\/fr\\\/telechargez-dossier\\\/\",\"url\":\"https:\\\/\\\/www.mugaritz.com\\\/fr\\\/telechargez-dossier\\\/\",\"name\":\"T\u00e9l\u00e9chargez le dossier - Mugaritz\",\"isPartOf\":{\"@id\":\"https:\\\/\\\/www.mugaritz.com\\\/fr\\\/#website\"},\"datePublished\":\"2024-07-31T10:55:13+00:00\",\"dateModified\":\"2024-09-12T06:34:48+00:00\",\"breadcrumb\":{\"@id\":\"https:\\\/\\\/www.mugaritz.com\\\/fr\\\/telechargez-dossier\\\/#breadcrumb\"},\"inLanguage\":\"fr-FR\",\"potentialAction\":[{\"@type\":\"ReadAction\",\"target\":[\"https:\\\/\\\/www.mugaritz.com\\\/fr\\\/telechargez-dossier\\\/\"]}]},{\"@type\":\"BreadcrumbList\",\"@id\":\"https:\\\/\\\/www.mugaritz.com\\\/fr\\\/telechargez-dossier\\\/#breadcrumb\",\"itemListElement\":[{\"@type\":\"ListItem\",\"position\":1,\"name\":\"Portada\",\"item\":\"https:\\\/\\\/www.mugaritz.com\\\/fr\\\/\"},{\"@type\":\"ListItem\",\"position\":2,\"name\":\"T\u00e9l\u00e9chargez le dossier\"}]},{\"@type\":\"WebSite\",\"@id\":\"https:\\\/\\\/www.mugaritz.com\\\/fr\\\/#website\",\"url\":\"https:\\\/\\\/www.mugaritz.com\\\/fr\\\/\",\"name\":\"Mugaritz\",\"description\":\"Nous r\u00e9inventer \u00e0 partir de la fronti\u00e8re\",\"potentialAction\":[{\"@type\":\"SearchAction\",\"target\":{\"@type\":\"EntryPoint\",\"urlTemplate\":\"https:\\\/\\\/www.mugaritz.com\\\/fr\\\/?s={search_term_string}\"},\"query-input\":{\"@type\":\"PropertyValueSpecification\",\"valueRequired\":true,\"valueName\":\"search_term_string\"}}],\"inLanguage\":\"fr-FR\"}]}<\/script>\n<!-- \/ Yoast SEO plugin. -->","yoast_head_json":{"title":"T\u00e9l\u00e9chargez le dossier - Mugaritz","robots":{"index":"index","follow":"follow","max-snippet":"max-snippet:-1","max-image-preview":"max-image-preview:large","max-video-preview":"max-video-preview:-1"},"canonical":"https:\/\/www.mugaritz.com\/fr\/telechargez-dossier\/","og_locale":"fr_FR","og_type":"article","og_title":"T\u00e9l\u00e9chargez le dossier - Mugaritz","og_url":"https:\/\/www.mugaritz.com\/fr\/telechargez-dossier\/","og_site_name":"Mugaritz","article_modified_time":"2024-09-12T06:34:48+00:00","twitter_card":"summary_large_image","schema":{"@context":"https:\/\/schema.org","@graph":[{"@type":"WebPage","@id":"https:\/\/www.mugaritz.com\/fr\/telechargez-dossier\/","url":"https:\/\/www.mugaritz.com\/fr\/telechargez-dossier\/","name":"T\u00e9l\u00e9chargez le dossier - Mugaritz","isPartOf":{"@id":"https:\/\/www.mugaritz.com\/fr\/#website"},"datePublished":"2024-07-31T10:55:13+00:00","dateModified":"2024-09-12T06:34:48+00:00","breadcrumb":{"@id":"https:\/\/www.mugaritz.com\/fr\/telechargez-dossier\/#breadcrumb"},"inLanguage":"fr-FR","potentialAction":[{"@type":"ReadAction","target":["https:\/\/www.mugaritz.com\/fr\/telechargez-dossier\/"]}]},{"@type":"BreadcrumbList","@id":"https:\/\/www.mugaritz.com\/fr\/telechargez-dossier\/#breadcrumb","itemListElement":[{"@type":"ListItem","position":1,"name":"Portada","item":"https:\/\/www.mugaritz.com\/fr\/"},{"@type":"ListItem","position":2,"name":"T\u00e9l\u00e9chargez le dossier"}]},{"@type":"WebSite","@id":"https:\/\/www.mugaritz.com\/fr\/#website","url":"https:\/\/www.mugaritz.com\/fr\/","name":"Mugaritz","description":"Nous r\u00e9inventer \u00e0 partir de la fronti\u00e8re","potentialAction":[{"@type":"SearchAction","target":{"@type":"EntryPoint","urlTemplate":"https:\/\/www.mugaritz.com\/fr\/?s={search_term_string}"},"query-input":{"@type":"PropertyValueSpecification","valueRequired":true,"valueName":"search_term_string"}}],"inLanguage":"fr-FR"}]}},"_links":{"self":[{"href":"https:\/\/www.mugaritz.com\/fr\/wp-json\/wp\/v2\/pages\/1157","targetHints":{"allow":["GET"]}}],"collection":[{"href":"https:\/\/www.mugaritz.com\/fr\/wp-json\/wp\/v2\/pages"}],"about":[{"href":"https:\/\/www.mugaritz.com\/fr\/wp-json\/wp\/v2\/types\/page"}],"author":[{"embeddable":true,"href":"https:\/\/www.mugaritz.com\/fr\/wp-json\/wp\/v2\/users\/1"}],"replies":[{"embeddable":true,"href":"https:\/\/www.mugaritz.com\/fr\/wp-json\/wp\/v2\/comments?post=1157"}],"version-history":[{"count":0,"href":"https:\/\/www.mugaritz.com\/fr\/wp-json\/wp\/v2\/pages\/1157\/revisions"}],"wp:attachment":[{"href":"https:\/\/www.mugaritz.com\/fr\/wp-json\/wp\/v2\/media?parent=1157"}],"curies":[{"name":"wp","href":"https:\/\/api.w.org\/{rel}","templated":true}]}}