{"id":1150,"date":"2024-07-09T10:13:16","date_gmt":"2024-07-09T08:13:16","guid":{"rendered":"https:\/\/www.mugaritz.com\/prensa\/"},"modified":"2024-09-06T14:15:48","modified_gmt":"2024-09-06T12:15:48","slug":"presse","status":"publish","type":"page","link":"https:\/\/www.mugaritz.com\/fr\/presse\/","title":{"rendered":"Presse"},"content":{"rendered":"<section id=\"\" class=\"is-absolute alignfull c-video-title c-page-header js-page-header wp-block-un-blocks-page-header\">\n  <article class=\"c-title \">\n  <div class=\"o-container \">\n          <h1 class=\"c-title__title\">Apparitions dans les m\u00e9dias<\/h1>\n              <\/div>\n<\/article>\n      <div class=\"c-page-header__scroll js-scroll \">\n    <svg xmlns=\"http:\/\/www.w3.org\/2000\/svg\" width=\"28\" height=\"61\" viewBox=\"0 0 28 61\" fill=\"none\" class=\"\">\n  <rect x=\"1\" y=\"1.22266\" width=\"26\" height=\"45\" rx=\"13\" stroke=\"white\" stroke-width=\"2\"\/>\n  <line x1=\"14\" y1=\"10.2227\" x2=\"14\" y2=\"19.556\" stroke=\"white\" stroke-width=\"2\"\/>\n  <path d=\"M9 52.2227L14 57.2227L19 52.2227\" stroke=\"white\" stroke-width=\"2\"\/>\n<\/svg>    Scroll\n  <\/div>\n<\/section>\n","protected":false},"excerpt":{"rendered":"","protected":false},"author":1,"featured_media":0,"parent":0,"menu_order":0,"comment_status":"closed","ping_status":"closed","template":"","meta":{"_acf_changed":false,"footnotes":""},"class_list":["post-1150","page","type-page","status-publish","hentry"],"acf":[],"yoast_head":"<!-- This site is optimized with the Yoast SEO plugin v27.4 - https:\/\/yoast.com\/product\/yoast-seo-wordpress\/ -->\n<title>Presse - Mugaritz<\/title>\n<meta name=\"robots\" content=\"index, follow, max-snippet:-1, max-image-preview:large, max-video-preview:-1\" \/>\n<link rel=\"canonical\" href=\"https:\/\/www.mugaritz.com\/fr\/presse\/\" \/>\n<meta property=\"og:locale\" content=\"fr_FR\" \/>\n<meta property=\"og:type\" content=\"article\" \/>\n<meta property=\"og:title\" content=\"Presse - Mugaritz\" \/>\n<meta property=\"og:url\" content=\"https:\/\/www.mugaritz.com\/fr\/presse\/\" \/>\n<meta property=\"og:site_name\" content=\"Mugaritz\" \/>\n<meta property=\"article:modified_time\" content=\"2024-09-06T12:15:48+00:00\" \/>\n<meta name=\"twitter:card\" content=\"summary_large_image\" \/>\n<script type=\"application\/ld+json\" class=\"yoast-schema-graph\">{\"@context\":\"https:\\\/\\\/schema.org\",\"@graph\":[{\"@type\":\"WebPage\",\"@id\":\"https:\\\/\\\/www.mugaritz.com\\\/fr\\\/presse\\\/\",\"url\":\"https:\\\/\\\/www.mugaritz.com\\\/fr\\\/presse\\\/\",\"name\":\"Presse - Mugaritz\",\"isPartOf\":{\"@id\":\"https:\\\/\\\/www.mugaritz.com\\\/fr\\\/#website\"},\"datePublished\":\"2024-07-09T08:13:16+00:00\",\"dateModified\":\"2024-09-06T12:15:48+00:00\",\"breadcrumb\":{\"@id\":\"https:\\\/\\\/www.mugaritz.com\\\/fr\\\/presse\\\/#breadcrumb\"},\"inLanguage\":\"fr-FR\",\"potentialAction\":[{\"@type\":\"ReadAction\",\"target\":[\"https:\\\/\\\/www.mugaritz.com\\\/fr\\\/presse\\\/\"]}]},{\"@type\":\"BreadcrumbList\",\"@id\":\"https:\\\/\\\/www.mugaritz.com\\\/fr\\\/presse\\\/#breadcrumb\",\"itemListElement\":[{\"@type\":\"ListItem\",\"position\":1,\"name\":\"Portada\",\"item\":\"https:\\\/\\\/www.mugaritz.com\\\/fr\\\/\"},{\"@type\":\"ListItem\",\"position\":2,\"name\":\"Presse\"}]},{\"@type\":\"WebSite\",\"@id\":\"https:\\\/\\\/www.mugaritz.com\\\/fr\\\/#website\",\"url\":\"https:\\\/\\\/www.mugaritz.com\\\/fr\\\/\",\"name\":\"Mugaritz\",\"description\":\"Nous r\u00e9inventer \u00e0 partir de la fronti\u00e8re\",\"potentialAction\":[{\"@type\":\"SearchAction\",\"target\":{\"@type\":\"EntryPoint\",\"urlTemplate\":\"https:\\\/\\\/www.mugaritz.com\\\/fr\\\/?s={search_term_string}\"},\"query-input\":{\"@type\":\"PropertyValueSpecification\",\"valueRequired\":true,\"valueName\":\"search_term_string\"}}],\"inLanguage\":\"fr-FR\"}]}<\/script>\n<!-- \/ Yoast SEO plugin. -->","yoast_head_json":{"title":"Presse - Mugaritz","robots":{"index":"index","follow":"follow","max-snippet":"max-snippet:-1","max-image-preview":"max-image-preview:large","max-video-preview":"max-video-preview:-1"},"canonical":"https:\/\/www.mugaritz.com\/fr\/presse\/","og_locale":"fr_FR","og_type":"article","og_title":"Presse - Mugaritz","og_url":"https:\/\/www.mugaritz.com\/fr\/presse\/","og_site_name":"Mugaritz","article_modified_time":"2024-09-06T12:15:48+00:00","twitter_card":"summary_large_image","schema":{"@context":"https:\/\/schema.org","@graph":[{"@type":"WebPage","@id":"https:\/\/www.mugaritz.com\/fr\/presse\/","url":"https:\/\/www.mugaritz.com\/fr\/presse\/","name":"Presse - Mugaritz","isPartOf":{"@id":"https:\/\/www.mugaritz.com\/fr\/#website"},"datePublished":"2024-07-09T08:13:16+00:00","dateModified":"2024-09-06T12:15:48+00:00","breadcrumb":{"@id":"https:\/\/www.mugaritz.com\/fr\/presse\/#breadcrumb"},"inLanguage":"fr-FR","potentialAction":[{"@type":"ReadAction","target":["https:\/\/www.mugaritz.com\/fr\/presse\/"]}]},{"@type":"BreadcrumbList","@id":"https:\/\/www.mugaritz.com\/fr\/presse\/#breadcrumb","itemListElement":[{"@type":"ListItem","position":1,"name":"Portada","item":"https:\/\/www.mugaritz.com\/fr\/"},{"@type":"ListItem","position":2,"name":"Presse"}]},{"@type":"WebSite","@id":"https:\/\/www.mugaritz.com\/fr\/#website","url":"https:\/\/www.mugaritz.com\/fr\/","name":"Mugaritz","description":"Nous r\u00e9inventer \u00e0 partir de la fronti\u00e8re","potentialAction":[{"@type":"SearchAction","target":{"@type":"EntryPoint","urlTemplate":"https:\/\/www.mugaritz.com\/fr\/?s={search_term_string}"},"query-input":{"@type":"PropertyValueSpecification","valueRequired":true,"valueName":"search_term_string"}}],"inLanguage":"fr-FR"}]}},"_links":{"self":[{"href":"https:\/\/www.mugaritz.com\/fr\/wp-json\/wp\/v2\/pages\/1150","targetHints":{"allow":["GET"]}}],"collection":[{"href":"https:\/\/www.mugaritz.com\/fr\/wp-json\/wp\/v2\/pages"}],"about":[{"href":"https:\/\/www.mugaritz.com\/fr\/wp-json\/wp\/v2\/types\/page"}],"author":[{"embeddable":true,"href":"https:\/\/www.mugaritz.com\/fr\/wp-json\/wp\/v2\/users\/1"}],"replies":[{"embeddable":true,"href":"https:\/\/www.mugaritz.com\/fr\/wp-json\/wp\/v2\/comments?post=1150"}],"version-history":[{"count":0,"href":"https:\/\/www.mugaritz.com\/fr\/wp-json\/wp\/v2\/pages\/1150\/revisions"}],"wp:attachment":[{"href":"https:\/\/www.mugaritz.com\/fr\/wp-json\/wp\/v2\/media?parent=1150"}],"curies":[{"name":"wp","href":"https:\/\/api.w.org\/{rel}","templated":true}]}}