{"id":1134,"date":"2024-07-09T10:13:42","date_gmt":"2024-07-09T08:13:42","guid":{"rendered":"https:\/\/www.mugaritz.com\/ecosistema\/"},"modified":"2024-11-12T08:46:49","modified_gmt":"2024-11-12T07:46:49","slug":"ecosysteme","status":"publish","type":"page","link":"https:\/\/www.mugaritz.com\/fr\/ecosysteme\/","title":{"rendered":"\u00c9cosyst\u00e8me"},"content":{"rendered":"<section id=\"\" class=\"is-absolute l-grid c-video-title js-video-title c-video-title--default wp-block-un-blocks-video-title\">\n      <artcile class=\"c-video l-cell\">\n  <video autoplay loop muted playsinline class=\"c-video__item\">\n    <source src=\"https:\/\/www.mugaritz.com\/wp-content\/uploads\/2024\/08\/Ecosistema-Video-Intro.mp4\" type=\"video\/mp4\" poster=\"https:\/\/www.mugaritz.com\/wp-content\/uploads\/2024\/09\/Ecosistema-Video-Intro-poster.webp\">\n  <\/video>\n<\/artcile>\n    <article class=\"c-title l-cell\">\n  <div class=\"o-container o-container--fluid\">\n          <h1 class=\"c-title__title\">Int\u00e9grez l\u2019\u00e9cosyst\u00e8me Mugaritz<\/h1>\n              <\/div>\n<\/article>\n    <div class=\"c-video-title__scroll js-scroll \">\n    <svg xmlns=\"http:\/\/www.w3.org\/2000\/svg\" width=\"28\" height=\"61\" viewBox=\"0 0 28 61\" fill=\"none\" class=\"\">\n  <rect x=\"1\" y=\"1.22266\" width=\"26\" height=\"45\" rx=\"13\" stroke=\"white\" stroke-width=\"2\"\/>\n  <line x1=\"14\" y1=\"10.2227\" x2=\"14\" y2=\"19.556\" stroke=\"white\" stroke-width=\"2\"\/>\n  <path d=\"M9 52.2227L14 57.2227L19 52.2227\" stroke=\"white\" stroke-width=\"2\"\/>\n<\/svg>    Scroll\n  <\/div>\n<\/section>\n\n\n<section id=\"asesoramiento\" class=\"l-grid alignfull c-title-double js-title no-margin wp-block-un-blocks-title\">\n  <div class=\"l-cell\">\n    <h2 class=\"c-title-double__title o-container\">Expertise<\/h2>\n      <\/div>\n  <div class=\"l-cell\">\n    <h2 class=\"c-title-double__title o-container\">Expertise<\/h2>\n      <\/div>\n<\/section>\n\n\n<section\n  id=\"block_b2166b6d46e16d7d3bc7990e9fc92cac\"\n  class=\"l-grid c-carousel-text js-carousel-text wp-block-un-blocks-carousel-text\">\n      <article class=\"c-carousel l-cell\">\n  <div class=\"o-container o-container--full\">\n    <div class=\"c-carousel__slides js-carousel js-draggable\" data-cursor=\"is-draggable\">\n      <div class=\"swiper-wrapper\">\n                  <div class=\"c-carousel__item swiper-slide\">\n            <img loading=\"lazy\" decoding=\"async\" width=\"1024\" height=\"1024\" src=\"https:\/\/www.mugaritz.com\/wp-content\/uploads\/2024\/09\/Ecosistema-Asesoramiento-Dunas-1024x1024.webp\" class=\"c-carousel__image\" alt=\"\" srcset=\"https:\/\/www.mugaritz.com\/wp-content\/uploads\/2024\/09\/Ecosistema-Asesoramiento-Dunas-1024x1024.webp 1024w, https:\/\/www.mugaritz.com\/wp-content\/uploads\/2024\/09\/Ecosistema-Asesoramiento-Dunas-400x400.webp 400w, https:\/\/www.mugaritz.com\/wp-content\/uploads\/2024\/09\/Ecosistema-Asesoramiento-Dunas-100x100.webp 100w, https:\/\/www.mugaritz.com\/wp-content\/uploads\/2024\/09\/Ecosistema-Asesoramiento-Dunas-300x300.webp 300w, https:\/\/www.mugaritz.com\/wp-content\/uploads\/2024\/09\/Ecosistema-Asesoramiento-Dunas-150x150.webp 150w, https:\/\/www.mugaritz.com\/wp-content\/uploads\/2024\/09\/Ecosistema-Asesoramiento-Dunas-768x769.webp 768w, https:\/\/www.mugaritz.com\/wp-content\/uploads\/2024\/09\/Ecosistema-Asesoramiento-Dunas.webp 1075w\" sizes=\"(max-width: 1024px) 100vw, 1024px\" \/>            <p class=\"c-carousel__pretitle\">\n              CONCEPT GASTRONOMIQUE            <\/p>\n            <h2 class=\"c-carousel__title\">\n              Healthouse Las Dunas            <\/h2>\n            <p class=\"c-carousel__subtitle\">\n              Estepona, Malaga            <\/p>\n          <\/div>\n                  <div class=\"c-carousel__item swiper-slide\">\n            <img loading=\"lazy\" decoding=\"async\" width=\"1024\" height=\"1024\" src=\"https:\/\/www.mugaritz.com\/wp-content\/uploads\/2024\/09\/Ecosistema-Asesoramiento-Retuerta-1024x1024.webp\" class=\"c-carousel__image\" alt=\"\" srcset=\"https:\/\/www.mugaritz.com\/wp-content\/uploads\/2024\/09\/Ecosistema-Asesoramiento-Retuerta-1024x1024.webp 1024w, https:\/\/www.mugaritz.com\/wp-content\/uploads\/2024\/09\/Ecosistema-Asesoramiento-Retuerta-400x400.webp 400w, https:\/\/www.mugaritz.com\/wp-content\/uploads\/2024\/09\/Ecosistema-Asesoramiento-Retuerta-100x100.webp 100w, https:\/\/www.mugaritz.com\/wp-content\/uploads\/2024\/09\/Ecosistema-Asesoramiento-Retuerta-1200x1200.webp 1200w, https:\/\/www.mugaritz.com\/wp-content\/uploads\/2024\/09\/Ecosistema-Asesoramiento-Retuerta-300x300.webp 300w, https:\/\/www.mugaritz.com\/wp-content\/uploads\/2024\/09\/Ecosistema-Asesoramiento-Retuerta-150x150.webp 150w, https:\/\/www.mugaritz.com\/wp-content\/uploads\/2024\/09\/Ecosistema-Asesoramiento-Retuerta-768x768.webp 768w, https:\/\/www.mugaritz.com\/wp-content\/uploads\/2024\/09\/Ecosistema-Asesoramiento-Retuerta-1536x1536.webp 1536w, https:\/\/www.mugaritz.com\/wp-content\/uploads\/2024\/09\/Ecosistema-Asesoramiento-Retuerta.webp 1600w\" sizes=\"(max-width: 1024px) 100vw, 1024px\" \/>            <p class=\"c-carousel__pretitle\">\n              CONCEPT GASTRONOMIQUE            <\/p>\n            <h2 class=\"c-carousel__title\">\n              Abad\u00eda Retuerta LeDomaine            <\/h2>\n            <p class=\"c-carousel__subtitle\">\n              Valladolid            <\/p>\n          <\/div>\n              <\/div>\n    <\/div>\n  <\/div>\n<\/article>\n    <artcile class=\"c-text l-cell\">\n  <div class=\"c-text__wrapper o-container o-container--full\">\n    <div class=\"c-text__image-side\">\n              <img loading=\"lazy\" decoding=\"async\" width=\"1024\" height=\"1024\" src=\"https:\/\/www.mugaritz.com\/wp-content\/uploads\/2024\/08\/Ecosistema-Funambulo-1024x1024.webp\" class=\"c-text__img\" alt=\"\" srcset=\"https:\/\/www.mugaritz.com\/wp-content\/uploads\/2024\/08\/Ecosistema-Funambulo-1024x1024.webp 1024w, https:\/\/www.mugaritz.com\/wp-content\/uploads\/2024\/08\/Ecosistema-Funambulo-400x400.webp 400w, https:\/\/www.mugaritz.com\/wp-content\/uploads\/2024\/08\/Ecosistema-Funambulo-100x100.webp 100w, https:\/\/www.mugaritz.com\/wp-content\/uploads\/2024\/08\/Ecosistema-Funambulo-1200x1200.webp 1200w, https:\/\/www.mugaritz.com\/wp-content\/uploads\/2024\/08\/Ecosistema-Funambulo-300x300.webp 300w, https:\/\/www.mugaritz.com\/wp-content\/uploads\/2024\/08\/Ecosistema-Funambulo-150x150.webp 150w, https:\/\/www.mugaritz.com\/wp-content\/uploads\/2024\/08\/Ecosistema-Funambulo-768x768.webp 768w, https:\/\/www.mugaritz.com\/wp-content\/uploads\/2024\/08\/Ecosistema-Funambulo-1536x1536.webp 1536w, https:\/\/www.mugaritz.com\/wp-content\/uploads\/2024\/08\/Ecosistema-Funambulo.webp 2000w\" sizes=\"(max-width: 1024px) 100vw, 1024px\" \/>          <\/div>\n    <div class=\"c-text__content\">\n                    <h2 class=\"c-text__title\">Incorporez la m\u00e9thodologie Mugaritz dans votre projet<\/h2>\n            <div class=\"c-text__text\"><p>\u00c0 Mugaritz, nous pensons que, sans collaboration, il n\u2019y a pas d&rsquo;apprentissage. C\u2019est pourquoi nous partageons notre savoir-faire, notre vision et nos outils cr\u00e9atifs avec des organisations tr\u00e8s diff\u00e9rentes et de domaines tr\u00e8s divers, comprenant aussi bien des h\u00f4tels que des centres de recherche. Au fil de ces ann\u00e9es, nous avons r\u00e9alis\u00e9 des expertises gastronomiques compl\u00e8tes, du diagnostic d\u2019\u00e9quipes et leur organisation \u00e0 la mise en marche de concepts gastronomiques dans des espaces embl\u00e9matiques.<\/p>\n<\/div>\n              <p class=\"c-text__link\">\n          <a target=\"\" href=\"mailto:info@mugaritz.com\">\n            Faites appel \u00e0 nos services          <\/a>\n                  <\/p>\n          <\/div>\n  <\/div>\n<\/artcile>\n  <\/section>\n\n\n<section id=\"\" class=\"l-grid alignfull c-title-double js-title  wp-block-un-blocks-title\">\n  <div class=\"l-cell\">\n    <h2 class=\"c-title-double__title o-container\">Collaborations<\/h2>\n      <\/div>\n  <div class=\"l-cell\">\n    <h2 class=\"c-title-double__title o-container\">Collaborations<\/h2>\n      <\/div>\n<\/section>\n\n\n<section id=\"\" class=\"l-grid c-post js-post wp-block-un-blocks-post\">\n  <artcile class=\"l-cell c-post__cell\">\n    <div class=\"c-post__image\"><img loading=\"lazy\" decoding=\"async\" width=\"1024\" height=\"661\" src=\"https:\/\/www.mugaritz.com\/wp-content\/uploads\/2024\/08\/Ecosistema-Colab-Kukai-Dantza-1024x661.webp\" class=\"attachment-large size-large\" alt=\"\" srcset=\"https:\/\/www.mugaritz.com\/wp-content\/uploads\/2024\/08\/Ecosistema-Colab-Kukai-Dantza-1024x661.webp 1024w, https:\/\/www.mugaritz.com\/wp-content\/uploads\/2024\/08\/Ecosistema-Colab-Kukai-Dantza-1200x775.webp 1200w, https:\/\/www.mugaritz.com\/wp-content\/uploads\/2024\/08\/Ecosistema-Colab-Kukai-Dantza-300x194.webp 300w, https:\/\/www.mugaritz.com\/wp-content\/uploads\/2024\/08\/Ecosistema-Colab-Kukai-Dantza-768x496.webp 768w, https:\/\/www.mugaritz.com\/wp-content\/uploads\/2024\/08\/Ecosistema-Colab-Kukai-Dantza-1536x992.webp 1536w, https:\/\/www.mugaritz.com\/wp-content\/uploads\/2024\/08\/Ecosistema-Colab-Kukai-Dantza.webp 1600w\" sizes=\"(max-width: 1024px) 100vw, 1024px\" \/><\/div>\n    <div class=\"c-post__excerpt\">\n      <div class=\"c-post__summary\">\n        <p>Une opportunit\u00e9 pour profiter de Mugaritz sous un angle diff\u00e9rent, pour regarder les choses \u00e0 l\u2019envers et faire attention \u00e0 son environnement.<\/p>\n      <\/div>\n      <div class=\"c-post__meta\">\n        <time>10\/2023<\/time>\n        <a href=\"https:\/\/itzgarmu.mugaritz.com\/fr\/\">Lire plus<\/a>\n      <\/div>\n    <\/div>\n  <\/artcile>\n  <artcile class=\"l-cell c-post__cell\">\n    <div class=\"c-post__excerpt\">\n      <p>Une opportunit\u00e9 pour profiter de Mugaritz sous un angle diff\u00e9rent, pour regarder les choses \u00e0 l\u2019envers et faire attention \u00e0 son environnement.<\/p>\n    <\/div>\n    <div class=\"c-post__title-wrapper\">\n      <h2 class=\"c-post__title\"><a href=\"https:\/\/itzgarmu.mugaritz.com\/fr\/\">Itzgarmu x Mugaritz<\/a><\/h2>\n              <h3 class=\"c-post__subtitle\">MUGARITZ \u00c0 L\u2019ENVERS<\/h3>\n            <div class=\"c-post__meta\">\n        <time>10\/2023<\/time>\n                  <a href=\"https:\/\/itzgarmu.mugaritz.com\/fr\/\">Lire plus<\/a>\n              <\/div>\n    <\/div>\n  <\/artcile>\n<\/section>\n\n\n<section id=\"\" class=\"l-grid c-post js-post wp-block-un-blocks-post\">\n  <artcile class=\"l-cell c-post__cell\">\n    <div class=\"c-post__image\"><img loading=\"lazy\" decoding=\"async\" width=\"1024\" height=\"662\" src=\"https:\/\/www.mugaritz.com\/wp-content\/uploads\/2024\/08\/Ecosistema-Colab-Tetera-Azul-1024x662.webp\" class=\"attachment-large size-large\" alt=\"\" srcset=\"https:\/\/www.mugaritz.com\/wp-content\/uploads\/2024\/08\/Ecosistema-Colab-Tetera-Azul-1024x662.webp 1024w, https:\/\/www.mugaritz.com\/wp-content\/uploads\/2024\/08\/Ecosistema-Colab-Tetera-Azul-1200x776.webp 1200w, https:\/\/www.mugaritz.com\/wp-content\/uploads\/2024\/08\/Ecosistema-Colab-Tetera-Azul-300x194.webp 300w, https:\/\/www.mugaritz.com\/wp-content\/uploads\/2024\/08\/Ecosistema-Colab-Tetera-Azul-768x496.webp 768w, https:\/\/www.mugaritz.com\/wp-content\/uploads\/2024\/08\/Ecosistema-Colab-Tetera-Azul-1536x993.webp 1536w, https:\/\/www.mugaritz.com\/wp-content\/uploads\/2024\/08\/Ecosistema-Colab-Tetera-Azul.webp 1600w\" sizes=\"(max-width: 1024px) 100vw, 1024px\" \/><\/div>\n    <div class=\"c-post__excerpt\">\n      <div class=\"c-post__summary\">\n        <p>Une collection de trois infusions cr\u00e9\u00e9e aupr\u00e8s de Mugaritz, en r\u00e9f\u00e9rence au jeu mill\u00e9naire Pierre (Harri), Papier (Orri) ou Ciseaux (Ar), qui nous transporte dans un monde de contrastes gustatifs.<\/p>\n      <\/div>\n      <div class=\"c-post__meta\">\n        <time>06\/2022<\/time>\n        <a href=\"\">Lire plus<\/a>\n      <\/div>\n    <\/div>\n  <\/artcile>\n  <artcile class=\"l-cell c-post__cell\">\n    <div class=\"c-post__excerpt\">\n      <p>Une collection de trois infusions cr\u00e9\u00e9e aupr\u00e8s de Mugaritz, en r\u00e9f\u00e9rence au jeu mill\u00e9naire Pierre (Harri), Papier (Orri) ou Ciseaux (Ar), qui nous transporte dans un monde de contrastes gustatifs.<\/p>\n    <\/div>\n    <div class=\"c-post__title-wrapper\">\n      <h2 class=\"c-post__title\"><a href=\"\">La Tetera Azul x Mugaritz<\/a><\/h2>\n              <h3 class=\"c-post__subtitle\">Joko<\/h3>\n            <div class=\"c-post__meta\">\n        <time>06\/2022<\/time>\n              <\/div>\n    <\/div>\n  <\/artcile>\n<\/section>\n\n\n<section id=\"\" class=\"l-grid c-post js-post wp-block-un-blocks-post\">\n  <artcile class=\"l-cell c-post__cell\">\n    <div class=\"c-post__image\"><img loading=\"lazy\" decoding=\"async\" width=\"1024\" height=\"662\" src=\"https:\/\/www.mugaritz.com\/wp-content\/uploads\/2024\/08\/Ecosistema-Colab-Kia-1024x662.webp\" class=\"attachment-large size-large\" alt=\"\" srcset=\"https:\/\/www.mugaritz.com\/wp-content\/uploads\/2024\/08\/Ecosistema-Colab-Kia-1024x662.webp 1024w, https:\/\/www.mugaritz.com\/wp-content\/uploads\/2024\/08\/Ecosistema-Colab-Kia-1200x776.webp 1200w, https:\/\/www.mugaritz.com\/wp-content\/uploads\/2024\/08\/Ecosistema-Colab-Kia-300x194.webp 300w, https:\/\/www.mugaritz.com\/wp-content\/uploads\/2024\/08\/Ecosistema-Colab-Kia-768x496.webp 768w, https:\/\/www.mugaritz.com\/wp-content\/uploads\/2024\/08\/Ecosistema-Colab-Kia-1536x993.webp 1536w, https:\/\/www.mugaritz.com\/wp-content\/uploads\/2024\/08\/Ecosistema-Colab-Kia.webp 1600w\" sizes=\"(max-width: 1024px) 100vw, 1024px\" \/><\/div>\n    <div class=\"c-post__excerpt\">\n      <div class=\"c-post__summary\">\n        <p>Le nouveau KIA EV6 fait un arr\u00eat \u00e0 Mugaritz, le \u00ab laboratoire \u00bb o\u00f9 le chef Andoni Luis Aduriz pense, m\u00e9dite et cr\u00e9e une fusion dans laquelle la cuisine cohabite avec la philosophie, l&rsquo;art, la litt\u00e9rature, la curiosit\u00e9, la neuroscience et, bien \u00e9videmment, la nature.<\/p>\n      <\/div>\n      <div class=\"c-post__meta\">\n        <time>02\/2022<\/time>\n        <a href=\"\">Lire plus<\/a>\n      <\/div>\n    <\/div>\n  <\/artcile>\n  <artcile class=\"l-cell c-post__cell\">\n    <div class=\"c-post__excerpt\">\n      <p>Le nouveau KIA EV6 fait un arr\u00eat \u00e0 Mugaritz, le \u00ab laboratoire \u00bb o\u00f9 le chef Andoni Luis Aduriz pense, m\u00e9dite et cr\u00e9e une fusion dans laquelle la cuisine cohabite avec la philosophie, l&rsquo;art, la litt\u00e9rature, la curiosit\u00e9, la neuroscience et, bien \u00e9videmment, la nature.<\/p>\n    <\/div>\n    <div class=\"c-post__title-wrapper\">\n      <h2 class=\"c-post__title\"><a href=\"\">Kia x Mugaritz<\/a><\/h2>\n              <h3 class=\"c-post__subtitle\">Le voyage de l&rsquo;inspiration<\/h3>\n            <div class=\"c-post__meta\">\n        <time>02\/2022<\/time>\n              <\/div>\n    <\/div>\n  <\/artcile>\n<\/section>\n\n\n<section id=\"\" class=\"l-grid c-post js-post wp-block-un-blocks-post\">\n  <artcile class=\"l-cell c-post__cell\">\n    <div class=\"c-post__image\"><img loading=\"lazy\" decoding=\"async\" width=\"1024\" height=\"662\" src=\"https:\/\/www.mugaritz.com\/wp-content\/uploads\/2024\/08\/Ecosistema-Colab-Prune-Nourry-1024x662.webp\" class=\"attachment-large size-large\" alt=\"\" srcset=\"https:\/\/www.mugaritz.com\/wp-content\/uploads\/2024\/08\/Ecosistema-Colab-Prune-Nourry-1024x662.webp 1024w, https:\/\/www.mugaritz.com\/wp-content\/uploads\/2024\/08\/Ecosistema-Colab-Prune-Nourry-1200x776.webp 1200w, https:\/\/www.mugaritz.com\/wp-content\/uploads\/2024\/08\/Ecosistema-Colab-Prune-Nourry-300x194.webp 300w, https:\/\/www.mugaritz.com\/wp-content\/uploads\/2024\/08\/Ecosistema-Colab-Prune-Nourry-768x496.webp 768w, https:\/\/www.mugaritz.com\/wp-content\/uploads\/2024\/08\/Ecosistema-Colab-Prune-Nourry-1536x993.webp 1536w, https:\/\/www.mugaritz.com\/wp-content\/uploads\/2024\/08\/Ecosistema-Colab-Prune-Nourry.webp 1600w\" sizes=\"(max-width: 1024px) 100vw, 1024px\" \/><\/div>\n    <div class=\"c-post__excerpt\">\n      <div class=\"c-post__summary\">\n        <p>Un voyage artistique, o\u00f9 Mugaritz participe \u00e0 un chapitre d&rsquo;un point de vue culinaire, qui exprime la lutte de ceux qui traversent des maladies graves et ce que suppose le retour \u00e0 la vie.<\/p>\n      <\/div>\n      <div class=\"c-post__meta\">\n        <time>11\/2021<\/time>\n        <a href=\"\">Lire plus<\/a>\n      <\/div>\n    <\/div>\n  <\/artcile>\n  <artcile class=\"l-cell c-post__cell\">\n    <div class=\"c-post__excerpt\">\n      <p>Un voyage artistique, o\u00f9 Mugaritz participe \u00e0 un chapitre d&rsquo;un point de vue culinaire, qui exprime la lutte de ceux qui traversent des maladies graves et ce que suppose le retour \u00e0 la vie.<\/p>\n    <\/div>\n    <div class=\"c-post__title-wrapper\">\n      <h2 class=\"c-post__title\"><a href=\"\">Prune Nourry x Mugaritz<\/a><\/h2>\n              <h3 class=\"c-post__subtitle\">Aux Amazones<\/h3>\n            <div class=\"c-post__meta\">\n        <time>11\/2021<\/time>\n              <\/div>\n    <\/div>\n  <\/artcile>\n<\/section>\n\n\n<section id=\"\" class=\"l-grid alignfull c-title-double js-title  wp-block-un-blocks-title\">\n  <div class=\"l-cell\">\n    <h2 class=\"c-title-double__title o-container\">Formation<\/h2>\n      <\/div>\n  <div class=\"l-cell\">\n    <h2 class=\"c-title-double__title o-container\">Formation<\/h2>\n      <\/div>\n<\/section>\n\n\n<section id=\"\" class=\"l-grid c-post js-post wp-block-un-blocks-post\">\n  <artcile class=\"l-cell c-post__cell\">\n    <div class=\"c-post__image\"><img loading=\"lazy\" decoding=\"async\" width=\"1024\" height=\"661\" src=\"https:\/\/www.mugaritz.com\/wp-content\/uploads\/2024\/08\/Ecosistema-Formacion-Comillas-1024x661.webp\" class=\"attachment-large size-large\" alt=\"\" srcset=\"https:\/\/www.mugaritz.com\/wp-content\/uploads\/2024\/08\/Ecosistema-Formacion-Comillas-1024x661.webp 1024w, https:\/\/www.mugaritz.com\/wp-content\/uploads\/2024\/08\/Ecosistema-Formacion-Comillas-1200x775.webp 1200w, https:\/\/www.mugaritz.com\/wp-content\/uploads\/2024\/08\/Ecosistema-Formacion-Comillas-300x194.webp 300w, https:\/\/www.mugaritz.com\/wp-content\/uploads\/2024\/08\/Ecosistema-Formacion-Comillas-768x496.webp 768w, https:\/\/www.mugaritz.com\/wp-content\/uploads\/2024\/08\/Ecosistema-Formacion-Comillas-1536x992.webp 1536w, https:\/\/www.mugaritz.com\/wp-content\/uploads\/2024\/08\/Ecosistema-Formacion-Comillas.webp 1600w\" sizes=\"(max-width: 1024px) 100vw, 1024px\" \/><\/div>\n    <div class=\"c-post__excerpt\">\n      <div class=\"c-post__summary\">\n        <p>D\u2019un point de vue pratique et stimulant, notre \u00e9quipe cr\u00e9ative et de R&#038;D lance le Dipl\u00f4me de Sp\u00e9cialisation en Cr\u00e9ativit\u00e9 Mugaritz, un programme de formation destin\u00e9 aux professionnels du secteur souhaitant stimuler leur capacit\u00e9 cr\u00e9ative.<\/p>\n      <\/div>\n      <div class=\"c-post__meta\">\n        <time>11\/2024<\/time>\n        <a href=\"https:\/\/www.maccmadrid.com\/estudios\/innovacion-culinaria-mugaritz\">Lire plus<\/a>\n      <\/div>\n    <\/div>\n  <\/artcile>\n  <artcile class=\"l-cell c-post__cell\">\n    <div class=\"c-post__excerpt\">\n      <p>D\u2019un point de vue pratique et stimulant, notre \u00e9quipe cr\u00e9ative et de R&#038;D lance le Dipl\u00f4me de Sp\u00e9cialisation en Cr\u00e9ativit\u00e9 Mugaritz, un programme de formation destin\u00e9 aux professionnels du secteur souhaitant stimuler leur capacit\u00e9 cr\u00e9ative.<\/p>\n    <\/div>\n    <div class=\"c-post__title-wrapper\">\n      <h2 class=\"c-post__title\"><a href=\"https:\/\/www.maccmadrid.com\/estudios\/innovacion-culinaria-mugaritz\">Nouveau programme expert aupr\u00e8s de l\u2019Universit\u00e9 pontificale de Comillas<\/a><\/h2>\n              <h3 class=\"c-post__subtitle\">Dirig\u00e9 par Andoni Luis Aduriz et Ram\u00f3n Peris\u00e9<\/h3>\n            <div class=\"c-post__meta\">\n        <time>11\/2024<\/time>\n                  <a href=\"https:\/\/www.maccmadrid.com\/estudios\/innovacion-culinaria-mugaritz\">Lire plus<\/a>\n              <\/div>\n    <\/div>\n  <\/artcile>\n<\/section>\n","protected":false},"excerpt":{"rendered":"","protected":false},"author":1,"featured_media":0,"parent":0,"menu_order":0,"comment_status":"closed","ping_status":"closed","template":"","meta":{"_acf_changed":false,"footnotes":""},"class_list":["post-1134","page","type-page","status-publish","hentry"],"acf":[],"yoast_head":"<!-- This site is optimized with the Yoast SEO plugin v27.3 - https:\/\/yoast.com\/product\/yoast-seo-wordpress\/ -->\n<title>\u00c9cosyst\u00e8me - Mugaritz<\/title>\n<meta name=\"robots\" content=\"index, follow, max-snippet:-1, max-image-preview:large, max-video-preview:-1\" \/>\n<link rel=\"canonical\" href=\"https:\/\/www.mugaritz.com\/fr\/ecosysteme\/\" \/>\n<meta property=\"og:locale\" content=\"fr_FR\" \/>\n<meta property=\"og:type\" content=\"article\" \/>\n<meta property=\"og:title\" content=\"\u00c9cosyst\u00e8me - Mugaritz\" \/>\n<meta property=\"og:url\" content=\"https:\/\/www.mugaritz.com\/fr\/ecosysteme\/\" \/>\n<meta property=\"og:site_name\" content=\"Mugaritz\" \/>\n<meta property=\"article:modified_time\" content=\"2024-11-12T07:46:49+00:00\" \/>\n<meta name=\"twitter:card\" content=\"summary_large_image\" \/>\n<script type=\"application\/ld+json\" class=\"yoast-schema-graph\">{\"@context\":\"https:\\\/\\\/schema.org\",\"@graph\":[{\"@type\":\"WebPage\",\"@id\":\"https:\\\/\\\/www.mugaritz.com\\\/fr\\\/ecosysteme\\\/\",\"url\":\"https:\\\/\\\/www.mugaritz.com\\\/fr\\\/ecosysteme\\\/\",\"name\":\"\u00c9cosyst\u00e8me - Mugaritz\",\"isPartOf\":{\"@id\":\"https:\\\/\\\/www.mugaritz.com\\\/fr\\\/#website\"},\"datePublished\":\"2024-07-09T08:13:42+00:00\",\"dateModified\":\"2024-11-12T07:46:49+00:00\",\"breadcrumb\":{\"@id\":\"https:\\\/\\\/www.mugaritz.com\\\/fr\\\/ecosysteme\\\/#breadcrumb\"},\"inLanguage\":\"fr-FR\",\"potentialAction\":[{\"@type\":\"ReadAction\",\"target\":[\"https:\\\/\\\/www.mugaritz.com\\\/fr\\\/ecosysteme\\\/\"]}]},{\"@type\":\"BreadcrumbList\",\"@id\":\"https:\\\/\\\/www.mugaritz.com\\\/fr\\\/ecosysteme\\\/#breadcrumb\",\"itemListElement\":[{\"@type\":\"ListItem\",\"position\":1,\"name\":\"Portada\",\"item\":\"https:\\\/\\\/www.mugaritz.com\\\/fr\\\/\"},{\"@type\":\"ListItem\",\"position\":2,\"name\":\"\u00c9cosyst\u00e8me\"}]},{\"@type\":\"WebSite\",\"@id\":\"https:\\\/\\\/www.mugaritz.com\\\/fr\\\/#website\",\"url\":\"https:\\\/\\\/www.mugaritz.com\\\/fr\\\/\",\"name\":\"Mugaritz\",\"description\":\"Nous r\u00e9inventer \u00e0 partir de la fronti\u00e8re\",\"potentialAction\":[{\"@type\":\"SearchAction\",\"target\":{\"@type\":\"EntryPoint\",\"urlTemplate\":\"https:\\\/\\\/www.mugaritz.com\\\/fr\\\/?s={search_term_string}\"},\"query-input\":{\"@type\":\"PropertyValueSpecification\",\"valueRequired\":true,\"valueName\":\"search_term_string\"}}],\"inLanguage\":\"fr-FR\"}]}<\/script>\n<!-- \/ Yoast SEO plugin. -->","yoast_head_json":{"title":"\u00c9cosyst\u00e8me - Mugaritz","robots":{"index":"index","follow":"follow","max-snippet":"max-snippet:-1","max-image-preview":"max-image-preview:large","max-video-preview":"max-video-preview:-1"},"canonical":"https:\/\/www.mugaritz.com\/fr\/ecosysteme\/","og_locale":"fr_FR","og_type":"article","og_title":"\u00c9cosyst\u00e8me - Mugaritz","og_url":"https:\/\/www.mugaritz.com\/fr\/ecosysteme\/","og_site_name":"Mugaritz","article_modified_time":"2024-11-12T07:46:49+00:00","twitter_card":"summary_large_image","schema":{"@context":"https:\/\/schema.org","@graph":[{"@type":"WebPage","@id":"https:\/\/www.mugaritz.com\/fr\/ecosysteme\/","url":"https:\/\/www.mugaritz.com\/fr\/ecosysteme\/","name":"\u00c9cosyst\u00e8me - Mugaritz","isPartOf":{"@id":"https:\/\/www.mugaritz.com\/fr\/#website"},"datePublished":"2024-07-09T08:13:42+00:00","dateModified":"2024-11-12T07:46:49+00:00","breadcrumb":{"@id":"https:\/\/www.mugaritz.com\/fr\/ecosysteme\/#breadcrumb"},"inLanguage":"fr-FR","potentialAction":[{"@type":"ReadAction","target":["https:\/\/www.mugaritz.com\/fr\/ecosysteme\/"]}]},{"@type":"BreadcrumbList","@id":"https:\/\/www.mugaritz.com\/fr\/ecosysteme\/#breadcrumb","itemListElement":[{"@type":"ListItem","position":1,"name":"Portada","item":"https:\/\/www.mugaritz.com\/fr\/"},{"@type":"ListItem","position":2,"name":"\u00c9cosyst\u00e8me"}]},{"@type":"WebSite","@id":"https:\/\/www.mugaritz.com\/fr\/#website","url":"https:\/\/www.mugaritz.com\/fr\/","name":"Mugaritz","description":"Nous r\u00e9inventer \u00e0 partir de la fronti\u00e8re","potentialAction":[{"@type":"SearchAction","target":{"@type":"EntryPoint","urlTemplate":"https:\/\/www.mugaritz.com\/fr\/?s={search_term_string}"},"query-input":{"@type":"PropertyValueSpecification","valueRequired":true,"valueName":"search_term_string"}}],"inLanguage":"fr-FR"}]}},"_links":{"self":[{"href":"https:\/\/www.mugaritz.com\/fr\/wp-json\/wp\/v2\/pages\/1134","targetHints":{"allow":["GET"]}}],"collection":[{"href":"https:\/\/www.mugaritz.com\/fr\/wp-json\/wp\/v2\/pages"}],"about":[{"href":"https:\/\/www.mugaritz.com\/fr\/wp-json\/wp\/v2\/types\/page"}],"author":[{"embeddable":true,"href":"https:\/\/www.mugaritz.com\/fr\/wp-json\/wp\/v2\/users\/1"}],"replies":[{"embeddable":true,"href":"https:\/\/www.mugaritz.com\/fr\/wp-json\/wp\/v2\/comments?post=1134"}],"version-history":[{"count":9,"href":"https:\/\/www.mugaritz.com\/fr\/wp-json\/wp\/v2\/pages\/1134\/revisions"}],"predecessor-version":[{"id":4002,"href":"https:\/\/www.mugaritz.com\/fr\/wp-json\/wp\/v2\/pages\/1134\/revisions\/4002"}],"wp:attachment":[{"href":"https:\/\/www.mugaritz.com\/fr\/wp-json\/wp\/v2\/media?parent=1134"}],"curies":[{"name":"wp","href":"https:\/\/api.w.org\/{rel}","templated":true}]}}