{"id":34249,"date":"2026-04-07T09:34:33","date_gmt":"2026-04-07T07:34:33","guid":{"rendered":"https:\/\/www.mugaritz.com\/producto\/no-se-y-otras-certezas-sobre-lo-que-comemos-y-lo-que-somos\/"},"modified":"2026-04-07T09:34:33","modified_gmt":"2026-04-07T07:34:33","slug":"no-se-y-otras-certezas-sobre-lo-que-comemos-y-lo-que-somos","status":"publish","type":"product","link":"https:\/\/www.mugaritz.com\/en\/product\/no-se-y-otras-certezas-sobre-lo-que-comemos-y-lo-que-somos\/","title":{"rendered":"No s\u00e9 y otras certezas. Sobre lo que comemos y lo que somos."},"content":{"rendered":"<p><strong>Las reflexiones gastron\u00f3micas de uno de los chefs m\u00e1s intelectuales y creativos.<\/strong><\/p>\n<p>Si existe un sexto sabor, es el de las historias. Este libro no es un recetario, sino un conjunto de relatos \u00edntimo y audaz sobre c\u00f3mo Andoni Luis Aduriz entiende la cocina: un espacio donde la creatividad es el mejor ingrediente para inspirar, sorprender y provocar. Desde Mugaritz, uno de los restaurantes m\u00e1s influyentes del mundo, Aduriz ha convertido la gastronom\u00eda en un lenguaje que conecta memoria y futuro, ciencia y poes\u00eda, certezas y dudas. Estas p\u00e1ginas recogen diez a\u00f1os de escritura y m\u00e1s de medio siglo de experiencias y reflexiones, ofreciendo una mirada que desarma paradigmas y proyecta nuevas formas de pensar la comida. Porque comer, aqu\u00ed, no es solo alimentarse: es un fen\u00f3meno cultural, \u00e9tico y pol\u00edtico que revela c\u00f3mo nos relacionamos con la vida misma. La mesa deja de ser un lugar de consumo para transformarse en escenario de encuentro y creaci\u00f3n, un territorio donde se ensayan preguntas m\u00e1s que respuestas, donde la certeza r\u00edgida cede su espacio a la ambig\u00fcedad f\u00e9rtil de la duda.<\/p>\n<p>Este libro propone caminar sobre una cuerda floja sin miedo a caer, abiertos a lo inesperado, a lo improbable y a lo fascinante. A trav\u00e9s de palabras que evocan y sabores que cuestionan, Aduriz convierte el acto universal de comer en una invitaci\u00f3n a reflexionar sobre nuestras decisiones, recuerdos y olvidos, sobre las historias visibles e invisibles que nos han tra\u00eddo hasta aqu\u00ed. Lejos de ofrecer conclusiones definitivas, esta obra nos abre un lugar para la curiosidad y el asombro, convencido de que la cocina no se agota en lo biol\u00f3gico ni en lo t\u00e9cnico, sino que se expande como met\u00e1fora de lo humano. En estas p\u00e1ginas, cada bocado es pensamiento, cada reflexi\u00f3n es una provocaci\u00f3n, cada duda es un est\u00edmulo para imaginar otros futuros. Este libro celebra la cocina como un lenguaje que nos une, nos confronta y nos transforma, record\u00e1ndonos que la comida puede ser, a la vez, memoria y porvenir, fragilidad y creaci\u00f3n, necesidad y celebraci\u00f3n.<\/p>\n<ul>\n<li>Publicaci\u00f3n: 8 de abril<\/li>\n<li>P\u00e1ginas: 384<\/li>\n<li><a href=\"https:\/\/www.planetadelibros.com\/libro-no-se-y-otras-certezas\/432520\">Comprar libro<\/a><\/li>\n<\/ul>\n","protected":false},"excerpt":{"rendered":"<p>Las reflexiones gastron\u00f3micas de uno de los chefs m\u00e1s intelectuales y creativos. Si existe un sexto sabor, es el de las historias. Este libro no es un recetario, sino un conjunto de relatos \u00edntimo y audaz sobre c\u00f3mo Andoni Luis Aduriz entiende la cocina: un espacio donde la creatividad es el mejor ingrediente para inspirar, sorprender y provocar. Desde Mugaritz, uno de los restaurantes m\u00e1s influyentes del mundo, Aduriz ha convertido la gastronom\u00eda en un lenguaje que conecta memoria y futuro, ciencia y poes\u00eda, certezas y dudas. Estas p\u00e1ginas recogen diez a\u00f1os de escritura y m\u00e1s de medio siglo de &hellip;<\/p>\n","protected":false},"featured_media":34245,"template":"","meta":{"_acf_changed":false},"product_brand":[],"product_cat":[58],"product_tag":[],"class_list":{"0":"post-34249","1":"product","2":"type-product","3":"status-publish","4":"has-post-thumbnail","6":"product_cat-books","8":"first","9":"instock","10":"shipping-taxable","11":"product-type-simple"},"acf":[],"yoast_head":"<!-- This site is optimized with the Yoast SEO plugin v27.4 - https:\/\/yoast.com\/product\/yoast-seo-wordpress\/ -->\n<title>No s\u00e9 y otras certezas. Sobre lo que comemos y lo que somos. - Mugaritz<\/title>\n<meta name=\"robots\" content=\"index, follow, max-snippet:-1, max-image-preview:large, max-video-preview:-1\" \/>\n<link rel=\"canonical\" href=\"https:\/\/www.mugaritz.com\/en\/product\/no-se-y-otras-certezas-sobre-lo-que-comemos-y-lo-que-somos\/\" \/>\n<meta property=\"og:locale\" content=\"en_US\" \/>\n<meta property=\"og:type\" content=\"article\" \/>\n<meta property=\"og:title\" content=\"No s\u00e9 y otras certezas. Sobre lo que comemos y lo que somos. - Mugaritz\" \/>\n<meta property=\"og:description\" content=\"Las reflexiones gastron\u00f3micas de uno de los chefs m\u00e1s intelectuales y creativos. Si existe un sexto sabor, es el de las historias. Este libro no es un recetario, sino un conjunto de relatos \u00edntimo y audaz sobre c\u00f3mo Andoni Luis Aduriz entiende la cocina: un espacio donde la creatividad es el mejor ingrediente para inspirar, sorprender y provocar. Desde Mugaritz, uno de los restaurantes m\u00e1s influyentes del mundo, Aduriz ha convertido la gastronom\u00eda en un lenguaje que conecta memoria y futuro, ciencia y poes\u00eda, certezas y dudas. Estas p\u00e1ginas recogen diez a\u00f1os de escritura y m\u00e1s de medio siglo de &hellip;\" \/>\n<meta property=\"og:url\" content=\"https:\/\/www.mugaritz.com\/en\/product\/no-se-y-otras-certezas-sobre-lo-que-comemos-y-lo-que-somos\/\" \/>\n<meta property=\"og:site_name\" content=\"Mugaritz\" \/>\n<meta name=\"twitter:card\" content=\"summary_large_image\" \/>\n<meta name=\"twitter:label1\" content=\"Est. reading time\" \/>\n\t<meta name=\"twitter:data1\" content=\"2 minutes\" \/>\n<script type=\"application\/ld+json\" class=\"yoast-schema-graph\">{\"@context\":\"https:\\\/\\\/schema.org\",\"@graph\":[{\"@type\":\"WebPage\",\"@id\":\"https:\\\/\\\/www.mugaritz.com\\\/en\\\/product\\\/no-se-y-otras-certezas-sobre-lo-que-comemos-y-lo-que-somos\\\/\",\"url\":\"https:\\\/\\\/www.mugaritz.com\\\/en\\\/product\\\/no-se-y-otras-certezas-sobre-lo-que-comemos-y-lo-que-somos\\\/\",\"name\":\"No s\u00e9 y otras certezas. Sobre lo que comemos y lo que somos. - Mugaritz\",\"isPartOf\":{\"@id\":\"https:\\\/\\\/www.mugaritz.com\\\/en\\\/#website\"},\"primaryImageOfPage\":{\"@id\":\"https:\\\/\\\/www.mugaritz.com\\\/en\\\/product\\\/no-se-y-otras-certezas-sobre-lo-que-comemos-y-lo-que-somos\\\/#primaryimage\"},\"image\":{\"@id\":\"https:\\\/\\\/www.mugaritz.com\\\/en\\\/product\\\/no-se-y-otras-certezas-sobre-lo-que-comemos-y-lo-que-somos\\\/#primaryimage\"},\"thumbnailUrl\":\"https:\\\/\\\/www.mugaritz.com\\\/wp-content\\\/uploads\\\/2026\\\/04\\\/1-91221b8a-1.jpg\",\"datePublished\":\"2026-04-07T07:34:33+00:00\",\"breadcrumb\":{\"@id\":\"https:\\\/\\\/www.mugaritz.com\\\/en\\\/product\\\/no-se-y-otras-certezas-sobre-lo-que-comemos-y-lo-que-somos\\\/#breadcrumb\"},\"inLanguage\":\"en-US\",\"potentialAction\":[{\"@type\":\"ReadAction\",\"target\":[\"https:\\\/\\\/www.mugaritz.com\\\/en\\\/product\\\/no-se-y-otras-certezas-sobre-lo-que-comemos-y-lo-que-somos\\\/\"]}]},{\"@type\":\"ImageObject\",\"inLanguage\":\"en-US\",\"@id\":\"https:\\\/\\\/www.mugaritz.com\\\/en\\\/product\\\/no-se-y-otras-certezas-sobre-lo-que-comemos-y-lo-que-somos\\\/#primaryimage\",\"url\":\"https:\\\/\\\/www.mugaritz.com\\\/wp-content\\\/uploads\\\/2026\\\/04\\\/1-91221b8a-1.jpg\",\"contentUrl\":\"https:\\\/\\\/www.mugaritz.com\\\/wp-content\\\/uploads\\\/2026\\\/04\\\/1-91221b8a-1.jpg\",\"width\":360,\"height\":572},{\"@type\":\"BreadcrumbList\",\"@id\":\"https:\\\/\\\/www.mugaritz.com\\\/en\\\/product\\\/no-se-y-otras-certezas-sobre-lo-que-comemos-y-lo-que-somos\\\/#breadcrumb\",\"itemListElement\":[{\"@type\":\"ListItem\",\"position\":1,\"name\":\"Portada\",\"item\":\"https:\\\/\\\/www.mugaritz.com\\\/en\\\/\"},{\"@type\":\"ListItem\",\"position\":2,\"name\":\"Shop\",\"item\":\"https:\\\/\\\/www.mugaritz.com\\\/en\\\/shop\\\/\"},{\"@type\":\"ListItem\",\"position\":3,\"name\":\"No s\u00e9 y otras certezas. Sobre lo que comemos y lo que somos.\"}]},{\"@type\":\"WebSite\",\"@id\":\"https:\\\/\\\/www.mugaritz.com\\\/en\\\/#website\",\"url\":\"https:\\\/\\\/www.mugaritz.com\\\/en\\\/\",\"name\":\"Mugaritz\",\"description\":\"Reinventing ourselves from the frontier\",\"potentialAction\":[{\"@type\":\"SearchAction\",\"target\":{\"@type\":\"EntryPoint\",\"urlTemplate\":\"https:\\\/\\\/www.mugaritz.com\\\/en\\\/?s={search_term_string}\"},\"query-input\":{\"@type\":\"PropertyValueSpecification\",\"valueRequired\":true,\"valueName\":\"search_term_string\"}}],\"inLanguage\":\"en-US\"}]}<\/script>\n<!-- \/ Yoast SEO plugin. -->","yoast_head_json":{"title":"No s\u00e9 y otras certezas. Sobre lo que comemos y lo que somos. - Mugaritz","robots":{"index":"index","follow":"follow","max-snippet":"max-snippet:-1","max-image-preview":"max-image-preview:large","max-video-preview":"max-video-preview:-1"},"canonical":"https:\/\/www.mugaritz.com\/en\/product\/no-se-y-otras-certezas-sobre-lo-que-comemos-y-lo-que-somos\/","og_locale":"en_US","og_type":"article","og_title":"No s\u00e9 y otras certezas. Sobre lo que comemos y lo que somos. - Mugaritz","og_description":"Las reflexiones gastron\u00f3micas de uno de los chefs m\u00e1s intelectuales y creativos. Si existe un sexto sabor, es el de las historias. Este libro no es un recetario, sino un conjunto de relatos \u00edntimo y audaz sobre c\u00f3mo Andoni Luis Aduriz entiende la cocina: un espacio donde la creatividad es el mejor ingrediente para inspirar, sorprender y provocar. Desde Mugaritz, uno de los restaurantes m\u00e1s influyentes del mundo, Aduriz ha convertido la gastronom\u00eda en un lenguaje que conecta memoria y futuro, ciencia y poes\u00eda, certezas y dudas. Estas p\u00e1ginas recogen diez a\u00f1os de escritura y m\u00e1s de medio siglo de &hellip;","og_url":"https:\/\/www.mugaritz.com\/en\/product\/no-se-y-otras-certezas-sobre-lo-que-comemos-y-lo-que-somos\/","og_site_name":"Mugaritz","twitter_card":"summary_large_image","twitter_misc":{"Est. reading time":"2 minutes"},"schema":{"@context":"https:\/\/schema.org","@graph":[{"@type":"WebPage","@id":"https:\/\/www.mugaritz.com\/en\/product\/no-se-y-otras-certezas-sobre-lo-que-comemos-y-lo-que-somos\/","url":"https:\/\/www.mugaritz.com\/en\/product\/no-se-y-otras-certezas-sobre-lo-que-comemos-y-lo-que-somos\/","name":"No s\u00e9 y otras certezas. Sobre lo que comemos y lo que somos. - Mugaritz","isPartOf":{"@id":"https:\/\/www.mugaritz.com\/en\/#website"},"primaryImageOfPage":{"@id":"https:\/\/www.mugaritz.com\/en\/product\/no-se-y-otras-certezas-sobre-lo-que-comemos-y-lo-que-somos\/#primaryimage"},"image":{"@id":"https:\/\/www.mugaritz.com\/en\/product\/no-se-y-otras-certezas-sobre-lo-que-comemos-y-lo-que-somos\/#primaryimage"},"thumbnailUrl":"https:\/\/www.mugaritz.com\/wp-content\/uploads\/2026\/04\/1-91221b8a-1.jpg","datePublished":"2026-04-07T07:34:33+00:00","breadcrumb":{"@id":"https:\/\/www.mugaritz.com\/en\/product\/no-se-y-otras-certezas-sobre-lo-que-comemos-y-lo-que-somos\/#breadcrumb"},"inLanguage":"en-US","potentialAction":[{"@type":"ReadAction","target":["https:\/\/www.mugaritz.com\/en\/product\/no-se-y-otras-certezas-sobre-lo-que-comemos-y-lo-que-somos\/"]}]},{"@type":"ImageObject","inLanguage":"en-US","@id":"https:\/\/www.mugaritz.com\/en\/product\/no-se-y-otras-certezas-sobre-lo-que-comemos-y-lo-que-somos\/#primaryimage","url":"https:\/\/www.mugaritz.com\/wp-content\/uploads\/2026\/04\/1-91221b8a-1.jpg","contentUrl":"https:\/\/www.mugaritz.com\/wp-content\/uploads\/2026\/04\/1-91221b8a-1.jpg","width":360,"height":572},{"@type":"BreadcrumbList","@id":"https:\/\/www.mugaritz.com\/en\/product\/no-se-y-otras-certezas-sobre-lo-que-comemos-y-lo-que-somos\/#breadcrumb","itemListElement":[{"@type":"ListItem","position":1,"name":"Portada","item":"https:\/\/www.mugaritz.com\/en\/"},{"@type":"ListItem","position":2,"name":"Shop","item":"https:\/\/www.mugaritz.com\/en\/shop\/"},{"@type":"ListItem","position":3,"name":"No s\u00e9 y otras certezas. Sobre lo que comemos y lo que somos."}]},{"@type":"WebSite","@id":"https:\/\/www.mugaritz.com\/en\/#website","url":"https:\/\/www.mugaritz.com\/en\/","name":"Mugaritz","description":"Reinventing ourselves from the frontier","potentialAction":[{"@type":"SearchAction","target":{"@type":"EntryPoint","urlTemplate":"https:\/\/www.mugaritz.com\/en\/?s={search_term_string}"},"query-input":{"@type":"PropertyValueSpecification","valueRequired":true,"valueName":"search_term_string"}}],"inLanguage":"en-US"}]}},"_links":{"self":[{"href":"https:\/\/www.mugaritz.com\/en\/wp-json\/wp\/v2\/product\/34249","targetHints":{"allow":["GET"]}}],"collection":[{"href":"https:\/\/www.mugaritz.com\/en\/wp-json\/wp\/v2\/product"}],"about":[{"href":"https:\/\/www.mugaritz.com\/en\/wp-json\/wp\/v2\/types\/product"}],"wp:featuredmedia":[{"embeddable":true,"href":"https:\/\/www.mugaritz.com\/en\/wp-json\/wp\/v2\/media\/34245"}],"wp:attachment":[{"href":"https:\/\/www.mugaritz.com\/en\/wp-json\/wp\/v2\/media?parent=34249"}],"wp:term":[{"taxonomy":"product_brand","embeddable":true,"href":"https:\/\/www.mugaritz.com\/en\/wp-json\/wp\/v2\/product_brand?post=34249"},{"taxonomy":"product_cat","embeddable":true,"href":"https:\/\/www.mugaritz.com\/en\/wp-json\/wp\/v2\/product_cat?post=34249"},{"taxonomy":"product_tag","embeddable":true,"href":"https:\/\/www.mugaritz.com\/en\/wp-json\/wp\/v2\/product_tag?post=34249"}],"curies":[{"name":"wp","href":"https:\/\/api.w.org\/{rel}","templated":true}]}}